{"id":5267,"date":"2020-06-04T10:18:49","date_gmt":"2020-06-04T10:18:49","guid":{"rendered":"http:\/\/edicion.fundacionjesusserra.org\/tennis\/?page_id=5267"},"modified":"2025-11-25T13:48:59","modified_gmt":"2025-11-25T12:48:59","slug":"madrid","status":"publish","type":"page","link":"https:\/\/edicion.fundacionoccident.org\/tennis\/madrid","title":{"rendered":"Madrid"},"content":{"rendered":"<p>[vc_row css_animation=&#8221;&#8221; row_type=&#8221;row&#8221; use_row_as_full_screen_section=&#8221;no&#8221; type=&#8221;full_width&#8221; angled_section=&#8221;no&#8221; text_align=&#8221;left&#8221; background_image_as_pattern=&#8221;without_pattern&#8221;][vc_column][vc_single_image image=&#8221;9214&#8243; img_size=&#8221;full&#8221; qode_css_animation=&#8221;&#8221;][\/vc_column][\/vc_row][vc_row css_animation=&#8221;&#8221; row_type=&#8221;row&#8221; use_row_as_full_screen_section=&#8221;no&#8221; type=&#8221;grid&#8221; angled_section=&#8221;no&#8221; text_align=&#8221;left&#8221; background_image_as_pattern=&#8221;without_pattern&#8221; css=&#8221;.vc_custom_1547052376870{padding-top: 20px !important;padding-bottom: 20px !important;}&#8221;][vc_column width=&#8221;1\/2&#8243;][vc_empty_space height=&#8221;75px&#8221;][vc_video link=&#8221;https:\/\/youtu.be\/Cz5j2n-RC5Q?si=cBM0wBgJ1v3GGj2R&#8221; el_width=&#8221;90&#8243;][\/vc_column][vc_column width=&#8221;1\/2&#8243;][vc_column_text]<\/p>\n<h2 style=\"text-align: left;\"><strong>Madrid: Fase S\u00e1bado<\/strong><\/h2>\n<p>[\/vc_column_text][vc_column_text css=&#8221;.vc_custom_1591267934391{padding-top: 20px !important;padding-bottom: 20px !important;}&#8221;]<\/p>\n<h3 style=\"text-align: left;\"><strong>Informaci\u00f3n General<\/strong><\/h3>\n<p>[\/vc_column_text][vc_column_text]<strong>SEDE:<\/strong> Ciudad de la Raqueta<br \/>\n<strong>FECHA:<\/strong> 14\/03\/2026<br \/>\n<strong>HORARIOS:<\/strong> de 14:30h a 19:30h<br \/>\n<strong>CATEGOR\u00cdAS:<\/strong><br \/>\n&#8211; Minitenis (mixtos)<br \/>\n&#8211; Sub 10 (equipos masculinos y femeninos)<br \/>\n&#8211; Sub 12 (equipos masculinos y femeninos)<\/p>\n<p><strong>INSCRIPCIONES:<\/strong> <a href=\"\/tennis\/participa\" target=\"_blank\" rel=\"noopener noreferrer\">Formulario Inscripci\u00f3n \u00bb<\/a><br \/>\n<strong>NORMATIVA:<\/strong> <a href=\"\/tennis\/normativa\" target=\"_blank\" rel=\"noopener noreferrer\">Consulta la Normativa \u00bb<\/a>[\/vc_column_text][\/vc_column][\/vc_row][vc_row css_animation=&#8221;&#8221; row_type=&#8221;row&#8221; use_row_as_full_screen_section=&#8221;no&#8221; type=&#8221;grid&#8221; angled_section=&#8221;no&#8221; text_align=&#8221;left&#8221; background_image_as_pattern=&#8221;without_pattern&#8221;][vc_column width=&#8221;1\/3&#8243;][vc_single_image image=&#8221;6003&#8243; img_size=&#8221;66&#215;75&#8243; alignment=&#8221;center&#8221; qode_css_animation=&#8221;&#8221; css=&#8221;.vc_custom_1599049534419{padding-top: 10px !important;padding-bottom: 10px !important;}&#8221;][vc_column_text css=&#8221;.vc_custom_1597311210713{padding-bottom: 20px !important;}&#8221;]<\/p>\n<h3 style=\"text-align: center;\"><strong>Programa<\/strong><\/h3>\n<p>[\/vc_column_text][vc_column_text]<strong>PISTAS DE ENTRENAMIENTO:<\/strong> A partir de las 13:30h<br \/>\n<strong>LLEGADA:<\/strong> Antes de las 13:30h<br \/>\n<strong>INICIO DE PARTIDOS:<\/strong> 14:30h<br \/>\n<strong>FASE FINAL:<\/strong> 19:30h*<br \/>\n<strong>ENTREGA DE PREMIOS:<\/strong> 19:45h*<\/p>\n<p>&nbsp;<\/p>\n<p>(*) Programa orientativo. Puede variar en funci\u00f3n del n\u00famero de inscritos, condiciones meteorol\u00f3gicas u otros factores.[\/vc_column_text][\/vc_column][vc_column width=&#8221;1\/3&#8243;][vc_single_image image=&#8221;6004&#8243; img_size=&#8221;66&#215;75&#8243; alignment=&#8221;center&#8221; qode_css_animation=&#8221;&#8221; css=&#8221;.vc_custom_1599049559236{padding-top: 10px !important;padding-bottom: 10px !important;}&#8221;][vc_column_text css=&#8221;.vc_custom_1597311337577{padding-bottom: 20px !important;}&#8221;]<\/p>\n<h3 style=\"text-align: center;\"><strong>Timing<\/strong><\/h3>\n<p>[\/vc_column_text][vc_column_text]<strong>PLAZO CONFIRMACIONES:<\/strong> Pr\u00f3ximamente<br \/>\n<strong>LISTADO ACEPTADOS:<\/strong> Pr\u00f3ximamente<br \/>\n<strong>SORTEO:<\/strong> Pr\u00f3ximamente<br \/>\n<strong>CUADROS Y ORDEN DE JUEGO:<\/strong> Pr\u00f3ximamente[\/vc_column_text][\/vc_column][vc_column width=&#8221;1\/3&#8243;][vc_single_image image=&#8221;6005&#8243; img_size=&#8221;66&#215;75&#8243; alignment=&#8221;center&#8221; qode_css_animation=&#8221;&#8221; css=&#8221;.vc_custom_1600344201908{padding-top: 10px !important;padding-bottom: 10px !important;}&#8221;][vc_column_text css=&#8221;.vc_custom_1601889511000{padding-bottom: 20px !important;}&#8221;]<\/p>\n<h3 style=\"text-align: center;\"><strong>Cuadro de juego<br \/>\n<\/strong><\/h3>\n<p>[\/vc_column_text][vc_column_text]<strong>GRUPOS:<\/strong> <span style=\"text-decoration: underline;\">Distribuci\u00f3n Grupos y Equipos \u00bb<\/span><br \/>\n<strong>ORDEN DE JUEGO:<\/strong> <span style=\"text-decoration: underline;\">Orden de Juego Minitennis \u00bb Orden de Juego Sub 10 y Sub 12 \u00bb<\/span><\/p>\n<p>Si detectas alguna incidencia y\/o error, por favor, <a href=\"https:\/\/xpresstenniscup.com\/contacto\/\">contacta con nosotros<\/a>.[\/vc_column_text][\/vc_column][\/vc_row][vc_row css_animation=&#8221;&#8221; row_type=&#8221;row&#8221; use_row_as_full_screen_section=&#8221;no&#8221; type=&#8221;full_width&#8221; angled_section=&#8221;no&#8221; text_align=&#8221;left&#8221; background_image_as_pattern=&#8221;without_pattern&#8221;][vc_column][vc_empty_space height=&#8221;60px&#8221;][\/vc_column][\/vc_row][vc_row css_animation=&#8221;&#8221; row_type=&#8221;row&#8221; use_row_as_full_screen_section=&#8221;no&#8221; type=&#8221;grid&#8221; angled_section=&#8221;no&#8221; text_align=&#8221;left&#8221; background_image_as_pattern=&#8221;without_pattern&#8221; css=&#8221;.vc_custom_1547052376870{padding-top: 20px !important;padding-bottom: 20px !important;}&#8221;][vc_column width=&#8221;1\/2&#8243;][vc_empty_space height=&#8221;75px&#8221;][vc_video link=&#8221;https:\/\/youtu.be\/Cz5j2n-RC5Q?si=cBM0wBgJ1v3GGj2R&#8221; el_width=&#8221;90&#8243;][\/vc_column][vc_column width=&#8221;1\/2&#8243;][vc_column_text]<\/p>\n<h2 style=\"text-align: left;\"><strong>Madrid: Fase Domingo<\/strong><\/h2>\n<p>[\/vc_column_text][vc_column_text css=&#8221;.vc_custom_1591267966089{padding-top: 20px !important;padding-bottom: 20px !important;}&#8221;]<\/p>\n<h3 style=\"text-align: left;\"><strong>Informaci\u00f3n General<\/strong><\/h3>\n<p>[\/vc_column_text][vc_column_text]<strong>SEDE:<\/strong> Ciudad de la Raqueta<br \/>\n<strong>FECHA:<\/strong> 15\/03\/2026<br \/>\n<strong>HORARIOS:<\/strong> de 14:30h a 19:30h<br \/>\n<strong>CATEGOR\u00cdAS:<\/strong><br \/>\n&#8211; Minitenis (mixto)<br \/>\n&#8211; Sub 10 (equipos masculinos y femeninos)<br \/>\n&#8211; Sub 12 (equipos masculinos y femeninos)<\/p>\n<p><strong>INSCRIPCIONES:<\/strong> <a href=\"\/tennis\/participa\" target=\"_blank\" rel=\"noopener noreferrer\">Formulario Inscripci\u00f3n \u00bb<\/a><br \/>\n<strong>NORMATIVA:<\/strong> <a href=\"\/tennis\/normativa\" target=\"_blank\" rel=\"noopener noreferrer\">Consulta la Normativa \u00bb<\/a>[\/vc_column_text][\/vc_column][\/vc_row][vc_row css_animation=&#8221;&#8221; row_type=&#8221;row&#8221; use_row_as_full_screen_section=&#8221;no&#8221; type=&#8221;grid&#8221; angled_section=&#8221;no&#8221; text_align=&#8221;left&#8221; background_image_as_pattern=&#8221;without_pattern&#8221;][vc_column css=&#8221;.vc_custom_1547054076596{padding-bottom: 20px !important;}&#8221;][vc_separator type=&#8221;normal&#8221; color=&#8221;#dddddd&#8221;][\/vc_column][\/vc_row][vc_row css_animation=&#8221;&#8221; row_type=&#8221;row&#8221; use_row_as_full_screen_section=&#8221;no&#8221; type=&#8221;grid&#8221; angled_section=&#8221;no&#8221; text_align=&#8221;left&#8221; background_image_as_pattern=&#8221;without_pattern&#8221;][vc_column width=&#8221;1\/3&#8243;][vc_single_image image=&#8221;6003&#8243; img_size=&#8221;66&#215;75&#8243; alignment=&#8221;center&#8221; qode_css_animation=&#8221;&#8221; css=&#8221;.vc_custom_1599052283839{padding-top: 10px !important;padding-bottom: 10px !important;}&#8221;][vc_column_text css=&#8221;.vc_custom_1597311528019{padding-bottom: 20px !important;}&#8221;]<\/p>\n<h3 style=\"text-align: center;\"><strong>Programa<\/strong><\/h3>\n<p>[\/vc_column_text][vc_column_text]<strong>PISTAS DE ENTRENAMIENTO:<\/strong> A partir de las 13:30h<br \/>\n<strong>LLEGADA:<\/strong> Antes de las 13:30h<br \/>\n<strong>INICIO DE PARTIDOS:<\/strong> 14:30h<br \/>\n<strong>FINALES:<\/strong> 19:30h*<br \/>\n<strong>ENTREGA DE PREMIOS:<\/strong> 19:45h*<\/p>\n<p>&nbsp;<\/p>\n<p>(*) Programa orientativo. Puede variar en funci\u00f3n del n\u00famero de inscritos, condiciones meteorol\u00f3gicas u otros factores.[\/vc_column_text][\/vc_column][vc_column width=&#8221;1\/3&#8243;][vc_single_image image=&#8221;6004&#8243; img_size=&#8221;66&#215;75&#8243; alignment=&#8221;center&#8221; qode_css_animation=&#8221;&#8221; css=&#8221;.vc_custom_1599049578696{padding-top: 10px !important;padding-bottom: 10px !important;}&#8221;][vc_column_text css=&#8221;.vc_custom_1597311517396{padding-bottom: 20px !important;}&#8221;]<\/p>\n<h3 style=\"text-align: center;\"><strong>Timing<\/strong><\/h3>\n<p>[\/vc_column_text][vc_column_text]<strong>PLAZO CONFIRMACIONES:<\/strong> Pr\u00f3ximamente<br \/>\n<strong>LISTADO ACEPTADOS:<\/strong> Pr\u00f3ximamente<br \/>\n<strong>SORTEO:<\/strong> Pr\u00f3ximamente<br \/>\n<strong>CUADROS Y ORDEN DE JUEGO:<\/strong> Pr\u00f3ximamente[\/vc_column_text][\/vc_column][vc_column width=&#8221;1\/3&#8243;][vc_single_image image=&#8221;6005&#8243; img_size=&#8221;66&#215;75&#8243; alignment=&#8221;center&#8221; qode_css_animation=&#8221;&#8221; css=&#8221;.vc_custom_1599049572600{padding-top: 10px !important;padding-bottom: 10px !important;}&#8221;][vc_column_text css=&#8221;.vc_custom_1601889558208{padding-bottom: 20px !important;}&#8221;]<\/p>\n<h3 style=\"text-align: center;\"><strong>Cuadro de juego<br \/>\n<\/strong><\/h3>\n<p>[\/vc_column_text][vc_column_text]<strong>GRUPOS:<\/strong> <span style=\"text-decoration: underline;\">Distribuci\u00f3n Grupos y Equipos \u00bb<\/span><br \/>\n<strong>ORDEN DE JUEGO:<\/strong> <span style=\"text-decoration: underline;\">Orden de Juego Minitennis\u00bb Orden de Juego Sub 10 y Sub 12\u00bb<\/span><\/p>\n<p>Si detectas alguna incidencia y\/o error, por favor, <a href=\"\/tennis\/contacto\">contacta con nosotros<\/a>.[\/vc_column_text][\/vc_column][\/vc_row][vc_row css_animation=&#8221;&#8221; row_type=&#8221;row&#8221; use_row_as_full_screen_section=&#8221;no&#8221; type=&#8221;grid&#8221; angled_section=&#8221;no&#8221; text_align=&#8221;left&#8221; background_image_as_pattern=&#8221;without_pattern&#8221; css=&#8221;.vc_custom_1547152674950{padding-top: 20px !important;padding-bottom: 20px !important;}&#8221;][vc_column css=&#8221;.vc_custom_1547054076596{padding-bottom: 20px !important;}&#8221;][\/vc_column][\/vc_row][vc_row css_animation=&#8221;&#8221; row_type=&#8221;row&#8221; use_row_as_full_screen_section=&#8221;no&#8221; type=&#8221;full_width&#8221; angled_section=&#8221;no&#8221; text_align=&#8221;left&#8221; background_image=&#8221;6305&#8243; background_image_as_pattern=&#8221;without_pattern&#8221; css=&#8221;.vc_custom_1600771760634{padding-top: 20px !important;}&#8221;][vc_column css=&#8221;.vc_custom_1547054097900{padding-top: 20px !important;padding-bottom: 20px !important;}&#8221;][vc_empty_space height=&#8221;350&#8243;][\/vc_column][\/vc_row]<\/p>\n","protected":false},"excerpt":{"rendered":"<p>[vc_row css_animation=&#8221;&#8221; row_type=&#8221;row&#8221; use_row_as_full_screen_section=&#8221;no&#8221; type=&#8221;full_width&#8221; angled_section=&#8221;no&#8221; text_align=&#8221;left&#8221; background_image_as_pattern=&#8221;without_pattern&#8221;][vc_column][vc_single_image image=&#8221;9214&#8243; img_size=&#8221;full&#8221; qode_css_animation=&#8221;&#8221;][\/vc_column][\/vc_row][vc_row css_animation=&#8221;&#8221; row_type=&#8221;row&#8221; use_row_as_full_screen_section=&#8221;no&#8221; type=&#8221;grid&#8221; angled_section=&#8221;no&#8221; text_align=&#8221;left&#8221; background_image_as_pattern=&#8221;without_pattern&#8221; css=&#8221;.vc_custom_1547052376870{padding-top: 20px !important;padding-bottom: 20px !important;}&#8221;][vc_column width=&#8221;1\/2&#8243;][vc_empty_space height=&#8221;75px&#8221;][vc_video link=&#8221;https:\/\/youtu.be\/Cz5j2n-RC5Q?si=cBM0wBgJ1v3GGj2R&#8221; el_width=&#8221;90&#8243;][\/vc_column][vc_column width=&#8221;1\/2&#8243;][vc_column_text] Madrid: Fase S\u00e1bado [\/vc_column_text][vc_column_text css=&#8221;.vc_custom_1591267934391{padding-top: 20px !important;padding-bottom: 20px !important;}&#8221;] Informaci\u00f3n General [\/vc_column_text][vc_column_text]SEDE: Ciudad de la Raqueta FECHA:&#8230;<\/p>\n","protected":false},"author":6,"featured_media":0,"parent":0,"menu_order":0,"comment_status":"closed","ping_status":"closed","template":"full_width.php","meta":{"footnotes":"","_links_to":"","_links_to_target":""},"class_list":["post-5267","page","type-page","status-publish","hentry"],"yoast_head":"<!-- This site is optimized with the Yoast SEO plugin v26.3 - https:\/\/yoast.com\/wordpress\/plugins\/seo\/ -->\n<title>Campeonato de Tenis infantil Madrid - Xpress Tennis Cup | Fundaci\u00f3n Occident<\/title>\n<meta name=\"description\" content=\"Consulta toda la informaci\u00f3n del Xpress Tennis Cup Madrid: programa, fechas, horarios, categor\u00edas, normativa, inscripciones\u2026 \u00a1Te esperamos!\" \/>\n<meta name=\"robots\" content=\"index, follow, max-snippet:-1, max-image-preview:large, max-video-preview:-1\" \/>\n<link rel=\"canonical\" href=\"https:\/\/edicion.fundacionoccident.org\/tennis\/wp-json\/wp\/v2\/pages\/5267\" \/>\n<meta property=\"og:locale\" content=\"es_ES\" \/>\n<meta property=\"og:type\" content=\"article\" \/>\n<meta property=\"og:title\" content=\"Campeonato de Tenis infantil Madrid - Xpress Tennis Cup | Fundaci\u00f3n Occident\" \/>\n<meta property=\"og:description\" content=\"Consulta toda la informaci\u00f3n del Xpress Tennis Cup Madrid: programa, fechas, horarios, categor\u00edas, normativa, inscripciones\u2026 \u00a1Te esperamos!\" \/>\n<meta property=\"og:url\" content=\"https:\/\/edicion.fundacionoccident.org\/tennis\/madrid\" \/>\n<meta property=\"og:site_name\" content=\"Xpress Tennis Cup\" \/>\n<meta property=\"article:modified_time\" content=\"2025-11-25T12:48:59+00:00\" \/>\n<meta name=\"twitter:card\" content=\"summary_large_image\" \/>\n<meta name=\"twitter:label1\" content=\"Tiempo de lectura\" \/>\n\t<meta name=\"twitter:data1\" content=\"3 minutos\" \/>\n<script type=\"application\/ld+json\" class=\"yoast-schema-graph\">{\"@context\":\"https:\/\/schema.org\",\"@graph\":[{\"@type\":\"WebPage\",\"@id\":\"https:\/\/edicion.fundacionoccident.org\/tennis\/madrid\",\"url\":\"https:\/\/edicion.fundacionoccident.org\/tennis\/madrid\",\"name\":\"Campeonato de Tenis infantil Madrid - Xpress Tennis Cup | Fundaci\u00f3n Occident\",\"isPartOf\":{\"@id\":\"https:\/\/edicion.fundacionoccident.org\/tennis\/#website\"},\"datePublished\":\"2020-06-04T10:18:49+00:00\",\"dateModified\":\"2025-11-25T12:48:59+00:00\",\"description\":\"Consulta toda la informaci\u00f3n del Xpress Tennis Cup Madrid: programa, fechas, horarios, categor\u00edas, normativa, inscripciones\u2026 \u00a1Te esperamos!\",\"breadcrumb\":{\"@id\":\"https:\/\/edicion.fundacionoccident.org\/tennis\/madrid#breadcrumb\"},\"inLanguage\":\"es\",\"potentialAction\":[{\"@type\":\"ReadAction\",\"target\":[\"https:\/\/edicion.fundacionoccident.org\/tennis\/madrid\"]}]},{\"@type\":\"BreadcrumbList\",\"@id\":\"https:\/\/edicion.fundacionoccident.org\/tennis\/madrid#breadcrumb\",\"itemListElement\":[{\"@type\":\"ListItem\",\"position\":1,\"name\":\"Portada\",\"item\":\"https:\/\/edicion.fundacionoccident.org\/tennis\/\"},{\"@type\":\"ListItem\",\"position\":2,\"name\":\"Madrid\"}]},{\"@type\":\"WebSite\",\"@id\":\"https:\/\/edicion.fundacionoccident.org\/tennis\/#website\",\"url\":\"https:\/\/edicion.fundacionoccident.org\/tennis\/\",\"name\":\"Xpress Tennis Cup\",\"description\":\"Fundaci\u00f3 Jes\u00fas Serra\",\"potentialAction\":[{\"@type\":\"SearchAction\",\"target\":{\"@type\":\"EntryPoint\",\"urlTemplate\":\"https:\/\/edicion.fundacionoccident.org\/tennis\/?s={search_term_string}\"},\"query-input\":{\"@type\":\"PropertyValueSpecification\",\"valueRequired\":true,\"valueName\":\"search_term_string\"}}],\"inLanguage\":\"es\"}]}<\/script>\n<!-- \/ Yoast SEO plugin. -->","yoast_head_json":{"title":"Campeonato de Tenis infantil Madrid - Xpress Tennis Cup | Fundaci\u00f3n Occident","description":"Consulta toda la informaci\u00f3n del Xpress Tennis Cup Madrid: programa, fechas, horarios, categor\u00edas, normativa, inscripciones\u2026 \u00a1Te esperamos!","robots":{"index":"index","follow":"follow","max-snippet":"max-snippet:-1","max-image-preview":"max-image-preview:large","max-video-preview":"max-video-preview:-1"},"canonical":"https:\/\/edicion.fundacionoccident.org\/tennis\/wp-json\/wp\/v2\/pages\/5267","og_locale":"es_ES","og_type":"article","og_title":"Campeonato de Tenis infantil Madrid - Xpress Tennis Cup | Fundaci\u00f3n Occident","og_description":"Consulta toda la informaci\u00f3n del Xpress Tennis Cup Madrid: programa, fechas, horarios, categor\u00edas, normativa, inscripciones\u2026 \u00a1Te esperamos!","og_url":"https:\/\/edicion.fundacionoccident.org\/tennis\/madrid","og_site_name":"Xpress Tennis Cup","article_modified_time":"2025-11-25T12:48:59+00:00","twitter_card":"summary_large_image","twitter_misc":{"Tiempo de lectura":"3 minutos"},"schema":{"@context":"https:\/\/schema.org","@graph":[{"@type":"WebPage","@id":"https:\/\/edicion.fundacionoccident.org\/tennis\/madrid","url":"https:\/\/edicion.fundacionoccident.org\/tennis\/madrid","name":"Campeonato de Tenis infantil Madrid - Xpress Tennis Cup | Fundaci\u00f3n Occident","isPartOf":{"@id":"https:\/\/edicion.fundacionoccident.org\/tennis\/#website"},"datePublished":"2020-06-04T10:18:49+00:00","dateModified":"2025-11-25T12:48:59+00:00","description":"Consulta toda la informaci\u00f3n del Xpress Tennis Cup Madrid: programa, fechas, horarios, categor\u00edas, normativa, inscripciones\u2026 \u00a1Te esperamos!","breadcrumb":{"@id":"https:\/\/edicion.fundacionoccident.org\/tennis\/madrid#breadcrumb"},"inLanguage":"es","potentialAction":[{"@type":"ReadAction","target":["https:\/\/edicion.fundacionoccident.org\/tennis\/madrid"]}]},{"@type":"BreadcrumbList","@id":"https:\/\/edicion.fundacionoccident.org\/tennis\/madrid#breadcrumb","itemListElement":[{"@type":"ListItem","position":1,"name":"Portada","item":"https:\/\/edicion.fundacionoccident.org\/tennis\/"},{"@type":"ListItem","position":2,"name":"Madrid"}]},{"@type":"WebSite","@id":"https:\/\/edicion.fundacionoccident.org\/tennis\/#website","url":"https:\/\/edicion.fundacionoccident.org\/tennis\/","name":"Xpress Tennis Cup","description":"Fundaci\u00f3 Jes\u00fas Serra","potentialAction":[{"@type":"SearchAction","target":{"@type":"EntryPoint","urlTemplate":"https:\/\/edicion.fundacionoccident.org\/tennis\/?s={search_term_string}"},"query-input":{"@type":"PropertyValueSpecification","valueRequired":true,"valueName":"search_term_string"}}],"inLanguage":"es"}]}},"_links":{"self":[{"href":"https:\/\/edicion.fundacionoccident.org\/tennis\/wp-json\/wp\/v2\/pages\/5267","targetHints":{"allow":["GET"]}}],"collection":[{"href":"https:\/\/edicion.fundacionoccident.org\/tennis\/wp-json\/wp\/v2\/pages"}],"about":[{"href":"https:\/\/edicion.fundacionoccident.org\/tennis\/wp-json\/wp\/v2\/types\/page"}],"author":[{"embeddable":true,"href":"https:\/\/edicion.fundacionoccident.org\/tennis\/wp-json\/wp\/v2\/users\/6"}],"replies":[{"embeddable":true,"href":"https:\/\/edicion.fundacionoccident.org\/tennis\/wp-json\/wp\/v2\/comments?post=5267"}],"version-history":[{"count":58,"href":"https:\/\/edicion.fundacionoccident.org\/tennis\/wp-json\/wp\/v2\/pages\/5267\/revisions"}],"predecessor-version":[{"id":9566,"href":"https:\/\/edicion.fundacionoccident.org\/tennis\/wp-json\/wp\/v2\/pages\/5267\/revisions\/9566"}],"wp:attachment":[{"href":"https:\/\/edicion.fundacionoccident.org\/tennis\/wp-json\/wp\/v2\/media?parent=5267"}],"curies":[{"name":"wp","href":"https:\/\/api.w.org\/{rel}","templated":true}]}}