{"id":5313,"date":"2020-06-05T11:24:42","date_gmt":"2020-06-05T11:24:42","guid":{"rendered":"http:\/\/edicion.fundacionjesusserra.org\/tennis\/?page_id=5313"},"modified":"2025-11-25T12:50:42","modified_gmt":"2025-11-25T11:50:42","slug":"normativa","status":"publish","type":"page","link":"https:\/\/edicion.fundacionoccident.org\/tennis\/normativa","title":{"rendered":"Normativa"},"content":{"rendered":"<p>[vc_row css_animation=&#8221;&#8221; row_type=&#8221;row&#8221; use_row_as_full_screen_section=&#8221;no&#8221; type=&#8221;full_width&#8221; angled_section=&#8221;no&#8221; text_align=&#8221;left&#8221; background_image_as_pattern=&#8221;without_pattern&#8221;][vc_column][vc_single_image image=&#8221;9075&#8243; img_size=&#8221;1600&#215;481&#8243; alignment=&#8221;center&#8221; qode_css_animation=&#8221;&#8221;][\/vc_column][\/vc_row][vc_row css_animation=&#8221;&#8221; row_type=&#8221;row&#8221; use_row_as_full_screen_section=&#8221;no&#8221; type=&#8221;grid&#8221; anchor=&#8221;1600&#8243; angled_section=&#8221;no&#8221; text_align=&#8221;left&#8221; background_image_as_pattern=&#8221;without_pattern&#8221; background_color=&#8221;#ffffff&#8221; css=&#8221;.vc_custom_1489498678216{margin-right: 0px !important;margin-left: 0px !important;}&#8221;][vc_column][vc_empty_space height=&#8221;60px&#8221;][vc_row_inner row_type=&#8221;row&#8221; type=&#8221;full_width&#8221; text_align=&#8221;left&#8221; css_animation=&#8221;&#8221; css=&#8221;.vc_custom_1519635227727{padding-right: 30px !important;padding-left: 30px !important;}&#8221;][vc_column_inner][vc_column_text]<\/p>\n<h1><strong>Normativa Xpress Tennis Cup<\/strong><\/h1>\n<p>[\/vc_column_text][vc_empty_space height=&#8221;20px&#8221;][vc_column_text]<strong><span style=\"color: #000000;\">Recuerda que tenemos un apartado para resolver tus dudas,<\/span><\/strong> <span style=\"text-decoration: underline; color: #808080;\"><a href=\"\/xpress-tennis-cup\/faq\" target=\"_blank\" rel=\"noopener noreferrer\">m\u00e1s info\u00bb<\/a>.<\/span><\/p>\n<p>&nbsp;<\/p>\n<h3>1. Objetivos e introducci\u00f3n<\/h3>\n<p>&#8211; Xpress Tennis Cup es un proyecto deportivo de la Fundaci\u00f3n Occident.<br \/>\n&#8211; Se trata de un formato innovador, compitiendo por equipos con partidos xpress de 20 minutos.<br \/>\n&#8211; El objetivo de este campeonato es reforzar los valores del deporte, el esfuerzo personal, el trabajo en equipo y la solidaridad entre los j\u00f3venes.<br \/>\n&#8211; Va dirigido a ni\u00f1os y ni\u00f1as de entre 5 y 12 a\u00f1os que competir\u00e1n por equipos representando sus clubes deportivos.<br \/>\n&#8211; El campeonato contar\u00e1 con un total de tres circuitos diferenciados (Catalu\u00f1a, Comunidad de Madrid, Comunidad Valenciana y Euskadi). Cada circuito lo compondr\u00e1n las fases provinciales correspondientes.<br \/>\n&#8211; Los ganadores y finalistas de cada una de las modalidades y categor\u00edas de las fases provinciales, tendr\u00e1n una plaza asegurada en la Gran Final.<\/p>\n<p>&nbsp;<\/p>\n<h3>2. Formato<\/h3>\n<p><u><strong>Categor\u00eda Minitenis<\/strong><br \/>\n<\/u>Nacidos en 2018 en adelante.<br \/>\nPista: Minitenis (10.97-12.8m x 4.27-6.1m).<br \/>\nRed: altura en el punto central de la red 0.8-0.84m.<br \/>\nPelota: Tip 3 (roja).<br \/>\nServicio:<br \/>\n&#8211; Los dos servicios deber\u00e1n efectuarse por bajo (poniendo la pelota en juego).<br \/>\n&#8211; Servir\u00e1 siempre el equipo que gane el punto anterior.<br \/>\nDuraci\u00f3n partidos: 20 minutos.<br \/>\nRondas: Cada ronda se disputar\u00e1 1 partido individual y 1 partido de dobles.<br \/>\nSistema rotaci\u00f3n jugadores: durante el partido, el jugador \/ pareja que gana el punto, disputa el siguiente punto (m\u00e1ximo 2 puntos seguidos) y el jugador \/ pareja que pierde el punto, se cambia por su compa\u00f1ero \/ pareja de equipo.<\/p>\n<p>&nbsp;<\/p>\n<p><u><strong>Categor\u00eda Sub-10<\/strong><br \/>\n<\/u>Nacidos de 2016 en adelante.<br \/>\nPista: \u00be de pista (17.68-18.29m x 6.1-8.23m).<br \/>\nRed: altura en el punto central de la red 0.8-0.9m.<br \/>\nPelota: Tip 2 (naranja).<br \/>\nServicio:<br \/>\n&#8211; Ambos servicios ser\u00e1n libres (por arriba o por abajo).<br \/>\n&#8211; Se servir\u00e1 en direcci\u00f3n al cuadro de servicio que corresponda.<br \/>\n&#8211; Servir\u00e1 siempre el equipo que gane el punto anterior.<br \/>\nDuraci\u00f3n partidos: 40 minutos (20 minutos individual &amp; 20 minutos dobles).<br \/>\nRondas: Cada ronda se disputar\u00e1 1 partido individual y 1 partido de dobles.<br \/>\nSistema rotaci\u00f3n jugadores:<br \/>\nDurante el partido, el jugador \/ pareja que gana el punto, disputa el siguiente punto (m\u00e1ximo 2 puntos seguidos) y el jugador \/ pareja que pierde el punto, se cambia por su compa\u00f1ero \/ pareja de equipo.<br \/>\nAl finalizar el tie break, hay cambio de campo.<\/p>\n<p>En caso de empate a 6 en el tie break, habr\u00e1 punto de oro, sin necesidad de que haya una diferencia de dos puntos.<\/p>\n<p>&nbsp;<\/p>\n<p><u><strong>Categor\u00eda Sub-12<\/strong><br \/>\n<\/u>Nacidos de 2014 en adelante.<br \/>\nPista: entera (23.77 x 8.23m).<br \/>\nRed: altura en el punto central de la red 0.91m.<br \/>\nPelota: Tip 1 (verde).<br \/>\nServicio:<br \/>\n&#8211; El primer servicio deber\u00e1 ser por arriba, el segundo servicio ser\u00e1 libre (por arriba o por abajo).<br \/>\n&#8211; Se servir\u00e1 en direcci\u00f3n al cuadro de servicio que corresponda.<br \/>\n&#8211; Servir\u00e1 siempre el equipo que gane el punto anterior.<br \/>\nDuraci\u00f3n partidos: 40 minutos (20 minutos individual &amp; 20 minutos dobles).<br \/>\nRondas: cada ronda se disputar\u00e1 1 partido individual y 1 partido de dobles.<br \/>\nDurante el partido:<br \/>\n&#8211; Partido individual: en pista s\u00f3lo 2 jugadores de cada equipo, el resto, esperando en el lateral de la pista.<br \/>\n&#8211; Partido dobles: en pista s\u00f3lo 4 jugadores de cada equipo (2 parejas), el resto, esperando en el lateral de la pista.<br \/>\nSistema rotaci\u00f3n jugadores:<br \/>\nDurante el partido, el jugador \/ pareja que gana el punto, disputa el siguiente punto (m\u00e1ximo 2 puntos seguidos) y el jugador \/ pareja que pierde el punto, se cambia por su compa\u00f1ero \/ pareja de equipo.<br \/>\nAl finalizar el tie break, hay cambio de campo.<\/p>\n<p>En caso de empate a 6 en el tie break, habr\u00e1 punto de oro, sin necesidad de que haya una diferencia de dos puntos.<\/p>\n<p>&nbsp;<\/p>\n<h3>3. Puntuaci\u00f3n<\/h3>\n<p>&#8211; Tie breaks a 7 puntos.<br \/>\n&#8211; Se disputar\u00e1n el n\u00famero de tie breaks que sean posibles en los 20 minutos de duraci\u00f3n de cada partido individual y dobles.<br \/>\n&#8211; Al finalizar cada tie break se realizar\u00e1 cambio de lado de pista.<br \/>\n&#8211; Cuando falte 1 minuto para la conclusi\u00f3n del partido, los responsables del torneo informar\u00e1n con un aviso sonoro (pitido) la disputa de los 2 \u00faltimos puntos del partido.<br \/>\n&#8211; Los partidos ganados por incomparecencia (WO) o falta de jugadores se considerar\u00e1n ganados por el resultado de 7\/0 y 7\/0.<\/p>\n<p>&nbsp;<\/p>\n<h3>4. Ganadores<\/h3>\n<p><strong><span style=\"text-decoration: underline;\">Minitenis<\/span><\/strong><br \/>\nNo habr\u00e1 ganadores ni perdedores.<\/p>\n<p>&nbsp;<\/p>\n<p><strong><span style=\"text-decoration: underline;\">Sub-10 y Sub-12<\/span><\/strong><br \/>\nEl equipo vencedor ser\u00e1 el que haya ganado m\u00e1s tie breaks (finalizados) entre los partidos (individual y dobles).<\/p>\n<p>En caso de empate entre equipos, ganar\u00e1 el equipo que m\u00e1s puntos haya ganado (tambi\u00e9n computando puntos de tie breaks no finalizados) entre los partidos individual y dobles.<br \/>\nEn caso de que todav\u00eda persista el empate, ganar\u00eda el equipo que tenga mejor diferencia entre puntos ganados y puntos perdidos (tambi\u00e9n computando puntos de tie breaks no finalizados) entre los partidos individual y dobles.<br \/>\nEn caso de que todav\u00eda persista se disputar\u00e1 un tie break de desempate.<\/p>\n<p>&nbsp;<\/p>\n<p><u><strong>Fase round robin<\/strong><br \/>\n<\/u>Divididos en grupos, los equipos jugar\u00e1n fase round robin (todos contra todos).<\/p>\n<p>&nbsp;<\/p>\n<p><u><strong>Fase final<\/strong><br \/>\n<\/u>Despu\u00e9s de disputar la fase round robin, pasar\u00e1n a la fase final los 2 equipos de cada grupo que tengan m\u00e1s enfrentamientos ganados.<br \/>\nEl primer equipo clasificado del Grupo A, jugar\u00e1 las semifinales contra el segundo equipo clasificado del Grupo B. El primer equipo clasificado del Grupo B, jugar\u00e1 las semifinales contra el segundo equipo clasificado del Grupo A. Los dos terceros jugar\u00e1n entre s\u00ed.<br \/>\nEn el caso de que haya alguna variaci\u00f3n en el global de los equipos inscritos, el formato se adaptar\u00e1 seg\u00fan criterios de la organizaci\u00f3n.<\/p>\n<p>&nbsp;<\/p>\n<h3>5. Equipos<\/h3>\n<p>Los equipos est\u00e1n formados entre 3-8 jugadores (recomendable un m\u00ednimo de 4 jugadores).<br \/>\nSi un equipo comparece con 1 o 2 jugadores puede jugar los 40 &#8216;de eliminatoria pero una parte de 20&#8217; del partido la pierde por 7\/0 y 7\/0 por no tener 3 jugadores.<\/p>\n<p>&nbsp;<\/p>\n<p><strong><span style=\"text-decoration: underline;\">Minitenis<\/span><\/strong><br \/>\nN\u00famero m\u00e1ximo de equipos por su provincial:<br \/>\n8 equipos (equipos mixtos).<\/p>\n<p>&nbsp;<\/p>\n<p><strong><span style=\"text-decoration: underline;\">Sub-10<\/span><\/strong><br \/>\nModalidades y n\u00famero m\u00e1ximo de equipos por su provincial:<br \/>\nFemenino: 8 equipos.<br \/>\nMasculino: 8 equipos.<\/p>\n<p>&nbsp;<\/p>\n<p><strong><span style=\"text-decoration: underline;\">Sub-12<\/span><\/strong><br \/>\nModalidades y n\u00famero m\u00e1ximo de equipos por su provincial:<br \/>\nFemenino: 8 equipos.<br \/>\nMasculino: 8 equipos.<\/p>\n<p>&nbsp;<\/p>\n<h3>6. Capitanes<\/h3>\n<p>&#8211; Cada club deber\u00e1 aportar el n\u00famero suficiente de capitanes para tener en todo momento el control de los equipos de su club.<br \/>\n&#8211; Durante el transcurso del torneo el capit\u00e1n de cada equipo deber\u00e1 estar en la pista mientras juega su equipo.<br \/>\n&#8211; Cuando su equipo no juega y espera el siguiente turno, el capit\u00e1n ser\u00e1 responsable de mantener junto a su equipo y llevarlo a la pista puntualmente cuando sea su turno.<br \/>\n&#8211; Los capitanes deber\u00e1n ser mayores de edad y con conocimiento de la normativa de la competici\u00f3n. Responsables de convocar a su equipo para disputar la jornada.<br \/>\n&#8211; Responsables de entregar el listado de jugadores al \u00e1rbitro.<br \/>\n&#8211; Encargados de realizar los cambios y de hacerlo de forma correcta respetando el reglamento.<br \/>\n&#8211; Encargados de informar a los padres y familiares de las caracter\u00edsticas de la competici\u00f3n.<br \/>\n&#8211; En el banquillo no podr\u00e1 hablar con sus jugadores durante la disputa de los puntos.<br \/>\n&#8211; Procurar\u00e1 mantener el orden dentro de su banquillo.<\/p>\n<p>&nbsp;<\/p>\n<h3>7. Bases<\/h3>\n<p>&#8211; En caso de estar federado, la clasificaci\u00f3n m\u00e1xima de la Federaci\u00f3n Territorial de Tenis correspondiente del jugador ser\u00e1 a partir de la posici\u00f3n 40 del ranking en categor\u00edas Sub-10 (benjam\u00edn) y Sub-12 (alev\u00edn). La clasificaci\u00f3n que se tendr\u00e1 en cuenta para verificar el ranking, ser\u00e1 la clasificaci\u00f3n actual en el momento de finalizar el plazo de inscripci\u00f3n de cada fase.<br \/>\n&#8211; El ranking del participante v\u00e1lido para el campeonato ser\u00e1 verificado una vez haya finalizado el plazo de inscripciones.<br \/>\n&#8211; Los equipos inscritos y que no se presenten ser\u00e1n penalizados con la penalizaci\u00f3n en futuras ediciones.<br \/>\n&#8211; Es condici\u00f3n indispensable para obtener los premios y regalos la presencia f\u00edsica del destinatario en el acto de entrega.<br \/>\n&#8211; El torneo vela por los valores del tenis. Cualquier comportamiento considerado antideportivo ser\u00e1 motivo de descalificaci\u00f3n.<\/p>\n<p>&nbsp;<\/p>\n<h3>8. Inscripciones<\/h3>\n<p>&#8211; Las <a href=\"\/xpress-tennis-cup\/participa\" target=\"_blank\" rel=\"noopener noreferrer\"><span style=\"text-decoration: underline;\">inscripciones<\/span><\/a> se pueden hacer exclusivamente online en la web del campeonato Xpress Tennis Cup.<br \/>\n&#8211; La organizaci\u00f3n establecer\u00e1 un plazo de inscripci\u00f3n.<br \/>\n&#8211; Cualquier inscripci\u00f3n efectuada fuera de este plazo no tiene garantizada su participaci\u00f3n el torneo.<br \/>\n&#8211; No es obligatoria la licencia federativa.<\/p>\n<p>&nbsp;<\/p>\n<h3>9. Casos concretos<\/h3>\n<p>Cualquier otra situaci\u00f3n que se pueda dar durante el campeonato y que no est\u00e9 reflejada en el reglamento ser\u00e1 estudiada por el juez \u00e1rbitro o la comisi\u00f3n deportiva si \u00e9sta es parte implicada.<\/p>\n<p>&nbsp;<\/p>\n<h3>10. Buenos tenistas<\/h3>\n<p>Consulta <span style=\"text-decoration: underline;\"><a href=\"\/tennis\/wp-content\/uploads\/2020\/09\/NORMAS_2-1.pdf\" target=\"_blank\" rel=\"noopener noreferrer\">aqu\u00ed<\/a><\/span> si eres un tenista ejemplar. Si cumples con todo, \u00a1eres un buen tenista!<\/p>\n<p>&nbsp;<\/p>\n<p>&nbsp;<\/p>\n<h4>Disposiciones Finales<\/h4>\n<p>&nbsp;<\/p>\n<p>Con la inscripci\u00f3n y \/ o participaci\u00f3n en esta actividad, todos los participantes conocen y aceptan la presente normativa, as\u00ed como quedan informados de lo siguiente:<br \/>\nEn cumplimiento de la LOPD 15\/1999 le informamos que los datos personales facilitados por usted se incorporar\u00e1n a un fichero responsabilidad de You First Sports, con el fin de gesti\u00f3n y administraci\u00f3n prestados por la organizaci\u00f3n, as\u00ed como el env\u00edo por cualquier medio de comunicaciones relativas a las actividades propias de You First Sports.<br \/>\nSalvo que haya manifestado su oposici\u00f3n al tratamiento de su imagen, usted autoriza a You First Sports la utilizaci\u00f3n y reproducci\u00f3n de las im\u00e1genes obtenidas en las actividades organizadas por You First Sports, con fines divulgativos y \/ o promocionales. En el caso de menores de edad, el consentimiento se entender\u00e1 otorgado por la persona que autoriza la inscripci\u00f3n.<br \/>\nLe informamos que al facilitar sus datos, usted presta su consentimiento para You First Sports pueda tratarlas de acuerdo con los fines antes descritos. Puede ejercer sus derechos de acceso, rectificaci\u00f3n, cancelaci\u00f3n y oposici\u00f3n dirigi\u00e9ndose por escrito y acreditando la identidad, el domicilio social mencionado anteriormente.<br \/>\nQuienes suscriben conocen y aceptan las bases de participaci\u00f3n y la normativa aplicable, que quedan disponibles en <a href=\"https:\/\/www.fundacionoccident.org\/xpress-tennis-cup\">https:\/\/www.fundacionoccident.org\/xpress-tennis-cup\u00a0<\/a><\/p>\n<p>La organizaci\u00f3n puede limitar o restringir en cualquier momento el n\u00famero de inscripciones.[\/vc_column_text][vc_empty_space height=&#8221;90px&#8221;][\/vc_column_inner][\/vc_row_inner][\/vc_column][\/vc_row]<\/p>\n","protected":false},"excerpt":{"rendered":"<p>[vc_row css_animation=&#8221;&#8221; row_type=&#8221;row&#8221; use_row_as_full_screen_section=&#8221;no&#8221; type=&#8221;full_width&#8221; angled_section=&#8221;no&#8221; text_align=&#8221;left&#8221; background_image_as_pattern=&#8221;without_pattern&#8221;][vc_column][vc_single_image image=&#8221;9075&#8243; img_size=&#8221;1600&#215;481&#8243; alignment=&#8221;center&#8221; qode_css_animation=&#8221;&#8221;][\/vc_column][\/vc_row][vc_row css_animation=&#8221;&#8221; row_type=&#8221;row&#8221; use_row_as_full_screen_section=&#8221;no&#8221; type=&#8221;grid&#8221; anchor=&#8221;1600&#8243; angled_section=&#8221;no&#8221; text_align=&#8221;left&#8221; background_image_as_pattern=&#8221;without_pattern&#8221; background_color=&#8221;#ffffff&#8221; css=&#8221;.vc_custom_1489498678216{margin-right: 0px !important;margin-left: 0px !important;}&#8221;][vc_column][vc_empty_space height=&#8221;60px&#8221;][vc_row_inner row_type=&#8221;row&#8221; type=&#8221;full_width&#8221; text_align=&#8221;left&#8221; css_animation=&#8221;&#8221; css=&#8221;.vc_custom_1519635227727{padding-right: 30px !important;padding-left: 30px !important;}&#8221;][vc_column_inner][vc_column_text] Normativa Xpress Tennis Cup [\/vc_column_text][vc_empty_space height=&#8221;20px&#8221;][vc_column_text]Recuerda que tenemos un&#8230;<\/p>\n","protected":false},"author":6,"featured_media":0,"parent":0,"menu_order":0,"comment_status":"closed","ping_status":"closed","template":"full_width.php","meta":{"footnotes":"","_links_to":"","_links_to_target":""},"class_list":["post-5313","page","type-page","status-publish","hentry"],"yoast_head":"<!-- This site is optimized with the Yoast SEO plugin v26.3 - https:\/\/yoast.com\/wordpress\/plugins\/seo\/ -->\n<title>Normativa de Participaci\u00f3n - Xpress Tennis Cup | Fundaci\u00f3n Occident<\/title>\n<meta name=\"description\" content=\"Inf\u00f3rmate de las normas para participar en el Xpress Tennis Cup de la Fundaci\u00f3n Occident. Objetivos, formato, puntuaci\u00f3n y m\u00e1s informaci\u00f3n.\" \/>\n<meta name=\"robots\" content=\"index, follow, max-snippet:-1, max-image-preview:large, max-video-preview:-1\" \/>\n<link rel=\"canonical\" href=\"https:\/\/edicion.fundacionoccident.org\/tennis\/wp-json\/wp\/v2\/pages\/5313\" \/>\n<meta property=\"og:locale\" content=\"es_ES\" \/>\n<meta property=\"og:type\" content=\"article\" \/>\n<meta property=\"og:title\" content=\"Normativa de Participaci\u00f3n - Xpress Tennis Cup | Fundaci\u00f3n Occident\" \/>\n<meta property=\"og:description\" content=\"Inf\u00f3rmate de las normas para participar en el Xpress Tennis Cup de la Fundaci\u00f3n Occident. Objetivos, formato, puntuaci\u00f3n y m\u00e1s informaci\u00f3n.\" \/>\n<meta property=\"og:url\" content=\"https:\/\/edicion.fundacionoccident.org\/tennis\/normativa\" \/>\n<meta property=\"og:site_name\" content=\"Xpress Tennis Cup\" \/>\n<meta property=\"article:modified_time\" content=\"2025-11-25T11:50:42+00:00\" \/>\n<meta name=\"twitter:card\" content=\"summary_large_image\" \/>\n<meta name=\"twitter:label1\" content=\"Tiempo de lectura\" \/>\n\t<meta name=\"twitter:data1\" content=\"8 minutos\" \/>\n<script type=\"application\/ld+json\" class=\"yoast-schema-graph\">{\"@context\":\"https:\/\/schema.org\",\"@graph\":[{\"@type\":\"WebPage\",\"@id\":\"https:\/\/edicion.fundacionoccident.org\/tennis\/normativa\",\"url\":\"https:\/\/edicion.fundacionoccident.org\/tennis\/normativa\",\"name\":\"Normativa de Participaci\u00f3n - Xpress Tennis Cup | Fundaci\u00f3n Occident\",\"isPartOf\":{\"@id\":\"https:\/\/edicion.fundacionoccident.org\/tennis\/#website\"},\"datePublished\":\"2020-06-05T11:24:42+00:00\",\"dateModified\":\"2025-11-25T11:50:42+00:00\",\"description\":\"Inf\u00f3rmate de las normas para participar en el Xpress Tennis Cup de la Fundaci\u00f3n Occident. Objetivos, formato, puntuaci\u00f3n y m\u00e1s informaci\u00f3n.\",\"breadcrumb\":{\"@id\":\"https:\/\/edicion.fundacionoccident.org\/tennis\/normativa#breadcrumb\"},\"inLanguage\":\"es\",\"potentialAction\":[{\"@type\":\"ReadAction\",\"target\":[\"https:\/\/edicion.fundacionoccident.org\/tennis\/normativa\"]}]},{\"@type\":\"BreadcrumbList\",\"@id\":\"https:\/\/edicion.fundacionoccident.org\/tennis\/normativa#breadcrumb\",\"itemListElement\":[{\"@type\":\"ListItem\",\"position\":1,\"name\":\"Portada\",\"item\":\"https:\/\/edicion.fundacionoccident.org\/tennis\/\"},{\"@type\":\"ListItem\",\"position\":2,\"name\":\"Normativa\"}]},{\"@type\":\"WebSite\",\"@id\":\"https:\/\/edicion.fundacionoccident.org\/tennis\/#website\",\"url\":\"https:\/\/edicion.fundacionoccident.org\/tennis\/\",\"name\":\"Xpress Tennis Cup\",\"description\":\"Fundaci\u00f3 Jes\u00fas Serra\",\"potentialAction\":[{\"@type\":\"SearchAction\",\"target\":{\"@type\":\"EntryPoint\",\"urlTemplate\":\"https:\/\/edicion.fundacionoccident.org\/tennis\/?s={search_term_string}\"},\"query-input\":{\"@type\":\"PropertyValueSpecification\",\"valueRequired\":true,\"valueName\":\"search_term_string\"}}],\"inLanguage\":\"es\"}]}<\/script>\n<!-- \/ Yoast SEO plugin. -->","yoast_head_json":{"title":"Normativa de Participaci\u00f3n - Xpress Tennis Cup | Fundaci\u00f3n Occident","description":"Inf\u00f3rmate de las normas para participar en el Xpress Tennis Cup de la Fundaci\u00f3n Occident. Objetivos, formato, puntuaci\u00f3n y m\u00e1s informaci\u00f3n.","robots":{"index":"index","follow":"follow","max-snippet":"max-snippet:-1","max-image-preview":"max-image-preview:large","max-video-preview":"max-video-preview:-1"},"canonical":"https:\/\/edicion.fundacionoccident.org\/tennis\/wp-json\/wp\/v2\/pages\/5313","og_locale":"es_ES","og_type":"article","og_title":"Normativa de Participaci\u00f3n - Xpress Tennis Cup | Fundaci\u00f3n Occident","og_description":"Inf\u00f3rmate de las normas para participar en el Xpress Tennis Cup de la Fundaci\u00f3n Occident. Objetivos, formato, puntuaci\u00f3n y m\u00e1s informaci\u00f3n.","og_url":"https:\/\/edicion.fundacionoccident.org\/tennis\/normativa","og_site_name":"Xpress Tennis Cup","article_modified_time":"2025-11-25T11:50:42+00:00","twitter_card":"summary_large_image","twitter_misc":{"Tiempo de lectura":"8 minutos"},"schema":{"@context":"https:\/\/schema.org","@graph":[{"@type":"WebPage","@id":"https:\/\/edicion.fundacionoccident.org\/tennis\/normativa","url":"https:\/\/edicion.fundacionoccident.org\/tennis\/normativa","name":"Normativa de Participaci\u00f3n - Xpress Tennis Cup | Fundaci\u00f3n Occident","isPartOf":{"@id":"https:\/\/edicion.fundacionoccident.org\/tennis\/#website"},"datePublished":"2020-06-05T11:24:42+00:00","dateModified":"2025-11-25T11:50:42+00:00","description":"Inf\u00f3rmate de las normas para participar en el Xpress Tennis Cup de la Fundaci\u00f3n Occident. Objetivos, formato, puntuaci\u00f3n y m\u00e1s informaci\u00f3n.","breadcrumb":{"@id":"https:\/\/edicion.fundacionoccident.org\/tennis\/normativa#breadcrumb"},"inLanguage":"es","potentialAction":[{"@type":"ReadAction","target":["https:\/\/edicion.fundacionoccident.org\/tennis\/normativa"]}]},{"@type":"BreadcrumbList","@id":"https:\/\/edicion.fundacionoccident.org\/tennis\/normativa#breadcrumb","itemListElement":[{"@type":"ListItem","position":1,"name":"Portada","item":"https:\/\/edicion.fundacionoccident.org\/tennis\/"},{"@type":"ListItem","position":2,"name":"Normativa"}]},{"@type":"WebSite","@id":"https:\/\/edicion.fundacionoccident.org\/tennis\/#website","url":"https:\/\/edicion.fundacionoccident.org\/tennis\/","name":"Xpress Tennis Cup","description":"Fundaci\u00f3 Jes\u00fas Serra","potentialAction":[{"@type":"SearchAction","target":{"@type":"EntryPoint","urlTemplate":"https:\/\/edicion.fundacionoccident.org\/tennis\/?s={search_term_string}"},"query-input":{"@type":"PropertyValueSpecification","valueRequired":true,"valueName":"search_term_string"}}],"inLanguage":"es"}]}},"_links":{"self":[{"href":"https:\/\/edicion.fundacionoccident.org\/tennis\/wp-json\/wp\/v2\/pages\/5313","targetHints":{"allow":["GET"]}}],"collection":[{"href":"https:\/\/edicion.fundacionoccident.org\/tennis\/wp-json\/wp\/v2\/pages"}],"about":[{"href":"https:\/\/edicion.fundacionoccident.org\/tennis\/wp-json\/wp\/v2\/types\/page"}],"author":[{"embeddable":true,"href":"https:\/\/edicion.fundacionoccident.org\/tennis\/wp-json\/wp\/v2\/users\/6"}],"replies":[{"embeddable":true,"href":"https:\/\/edicion.fundacionoccident.org\/tennis\/wp-json\/wp\/v2\/comments?post=5313"}],"version-history":[{"count":33,"href":"https:\/\/edicion.fundacionoccident.org\/tennis\/wp-json\/wp\/v2\/pages\/5313\/revisions"}],"predecessor-version":[{"id":9543,"href":"https:\/\/edicion.fundacionoccident.org\/tennis\/wp-json\/wp\/v2\/pages\/5313\/revisions\/9543"}],"wp:attachment":[{"href":"https:\/\/edicion.fundacionoccident.org\/tennis\/wp-json\/wp\/v2\/media?parent=5313"}],"curies":[{"name":"wp","href":"https:\/\/api.w.org\/{rel}","templated":true}]}}