{"id":7299,"date":"2021-11-19T14:21:04","date_gmt":"2021-11-19T13:21:04","guid":{"rendered":"https:\/\/edicion.fundacionjesusserra.org\/tennis\/?page_id=7299"},"modified":"2024-12-03T12:51:08","modified_gmt":"2024-12-03T11:51:08","slug":"torneo-xpress-padel-cup","status":"publish","type":"page","link":"https:\/\/edicion.fundacionoccident.org\/tennis\/torneo-xpress-padel-cup","title":{"rendered":"Torneo Xpress Padel Cup"},"content":{"rendered":"<p>[vc_row css_animation=&#8221;&#8221; row_type=&#8221;row&#8221; use_row_as_full_screen_section=&#8221;no&#8221; type=&#8221;full_width&#8221; angled_section=&#8221;no&#8221; text_align=&#8221;left&#8221; background_image_as_pattern=&#8221;without_pattern&#8221;][vc_column][vc_single_image image=&#8221;8639&#8243; img_size=&#8221;full&#8221; qode_css_animation=&#8221;&#8221;][\/vc_column][\/vc_row][vc_row css_animation=&#8221;&#8221; row_type=&#8221;row&#8221; use_row_as_full_screen_section=&#8221;no&#8221; type=&#8221;grid&#8221; angled_section=&#8221;no&#8221; text_align=&#8221;left&#8221; background_image_as_pattern=&#8221;without_pattern&#8221; background_color=&#8221;#dadadc&#8221; css=&#8221;.vc_custom_1547145214092{padding-top: 40px !important;background-color: #ffffff !important;}&#8221;][vc_column][vc_column_text]<\/p>\n<h1 style=\"text-align: center;\">Xpress Padel Cup &#8211; El campeonato de p\u00e1del para empleados y mediadores de GCO<\/h1>\n<p>[\/vc_column_text][vc_empty_space height=&#8221;40&#8243;][vc_row_inner row_type=&#8221;row&#8221; type=&#8221;full_width&#8221; text_align=&#8221;left&#8221; css_animation=&#8221;&#8221; css=&#8221;.vc_custom_1547145258519{padding-bottom: 40px !important;}&#8221;][vc_column_inner][vc_column_text]<\/p>\n<p style=\"text-align: center;\">La Fundaci\u00f3n Occident, del GCO, y Wilson ponen en marcha la <strong>2\u00aa edici\u00f3n del Xpress Padel Cup<\/strong>. Se trata de un campeonato de p\u00e1del cuyo prop\u00f3sito es impulsar la pr\u00e1ctica del p\u00e1del entre los empleados y mediadores de GCO, priorizando los valores y la diversi\u00f3n por encima de la competici\u00f3n.<\/p>\n<p style=\"text-align: center;\">El torneo cuenta con una segunda prueba que se celebrar\u00e1 en la Comunidad de Madrid, seguido de Bilbao, Valencia y finalizando en Catalu\u00f1a.<\/p>\n<p>[\/vc_column_text][\/vc_column_inner][\/vc_row_inner][vc_column_text]<\/p>\n<p style=\"text-align: center!important;\"><a class=\"button-cta\" href=\"\/tennis\/participa\" target=\"_blank\" rel=\"noopener noreferrer\">Participa<\/a><\/p>\n<p>[\/vc_column_text][\/vc_column][\/vc_row][vc_row css_animation=&#8221;&#8221; row_type=&#8221;row&#8221; use_row_as_full_screen_section=&#8221;no&#8221; type=&#8221;grid&#8221; angled_section=&#8221;no&#8221; text_align=&#8221;left&#8221; background_image_as_pattern=&#8221;without_pattern&#8221;][vc_column][vc_empty_space height=&#8221;100px&#8221;][vc_column_text]<\/p>\n<h2 style=\"text-align: center;\">\u00bfEn qu\u00e9 consiste Xpress Padel Cup?<\/h2>\n<p>[\/vc_column_text][vc_empty_space height=&#8221;50px&#8221;][vc_column_text]Xpress Padel Cup es el proyecto deportivo impulsado por la Fundaci\u00f3n Occident del GCO. La Xpress Padel Cup se cre\u00f3 con la voluntad de fomentar el p\u00e1del base con una gran fiesta y un formato innovador.[\/vc_column_text][vc_empty_space height=&#8221;50px&#8221;][\/vc_column][\/vc_row][vc_row css_animation=&#8221;&#8221; row_type=&#8221;row&#8221; use_row_as_full_screen_section=&#8221;no&#8221; type=&#8221;grid&#8221; angled_section=&#8221;no&#8221; text_align=&#8221;left&#8221; background_image_as_pattern=&#8221;without_pattern&#8221;][vc_column width=&#8221;1\/3&#8243;][vc_single_image image=&#8221;5998&#8243; img_size=&#8221;66&#215;75&#8243; alignment=&#8221;center&#8221; qode_css_animation=&#8221;&#8221;][vc_empty_space height=&#8221;20px&#8221;][vc_column_text]<\/p>\n<h3 style=\"text-align: center;\"><b>Formato<\/b><\/h3>\n<p>&nbsp;<\/p>\n<p style=\"text-align: center;\">Xpress Padel Cup se celebra en tres pruebas diferentes que reunir\u00e1 a participantes de <strong>Barcelona, Bilbao, Valencia y Madrid.<\/strong><\/p>\n<p>&nbsp;<\/p>\n<p style=\"text-align: center;\">Divididos en dos niveles, las parejas de p\u00e1del jugar\u00e1n una fase de grupos que dar\u00e1 paso a rondas eliminatorias hasta decantar la pareja ganadora de cada prueba.<\/p>\n<p>[\/vc_column_text][\/vc_column][vc_column width=&#8221;1\/3&#8243;][vc_single_image image=&#8221;5997&#8243; img_size=&#8221;66&#215;75&#8243; alignment=&#8221;center&#8221; qode_css_animation=&#8221;&#8221;][vc_empty_space height=&#8221;20px&#8221;][vc_column_text]<\/p>\n<h3 style=\"text-align: center;\"><b>Participaci\u00f3n<\/b><\/h3>\n<p>&nbsp;<\/p>\n<p style=\"text-align: center;\"><span style=\"font-weight: 400;\">Creado con la voluntad de fomentar el p\u00e1del base, el torneo est\u00e1 abierto a todos los empleados y mediadores de GCO<\/span><span style=\"font-weight: 400;\"> que quiera participar.<\/span><\/p>\n<p>&nbsp;<\/p>\n<p style=\"text-align: center;\"><span style=\"font-weight: 400;\">Las inscripciones son gratuitas, y se pueden realizar a trav\u00e9s del siguiente link: <\/span><a href=\"https:\/\/www.fundacionoccident.org\/xpress-tennis-cup\/torneo-xpress-padel-cup\/participa-xpress-padel-cup\"><span style=\"text-decoration: underline;\"><span style=\"font-weight: 400;\">inscripci\u00f3n online<\/span><\/span><\/a><span style=\"font-weight: 400;\">.<\/span><\/p>\n<p style=\"text-align: center;\"><strong>\u00a1Las plazas son muy limitadas!<\/strong><\/p>\n<p>[\/vc_column_text][\/vc_column][vc_column width=&#8221;1\/3&#8243;][vc_single_image image=&#8221;5994&#8243; img_size=&#8221;66&#215;75&#8243; alignment=&#8221;center&#8221; qode_css_animation=&#8221;&#8221;][vc_empty_space height=&#8221;20px&#8221;][vc_column_text]<\/p>\n<h3 style=\"text-align: center;\"><b>Premios<\/b><\/h3>\n<p>&nbsp;<\/p>\n<p style=\"text-align: center;\"><span style=\"font-weight: 400;\">Los participantes recibir\u00e1n un completo welcome pack con muchos productos.<\/span><\/p>\n<p>&nbsp;<\/p>\n<p style=\"text-align: center;\"><span style=\"font-weight: 400;\">Las parejas finalistas y ganadores recibir\u00e1n un trofeo y un obsequio de nuestro colaborador Wilson.<\/span><\/p>\n<p>[\/vc_column_text][\/vc_column][\/vc_row][vc_row css_animation=&#8221;&#8221; row_type=&#8221;row&#8221; use_row_as_full_screen_section=&#8221;no&#8221; type=&#8221;grid&#8221; angled_section=&#8221;no&#8221; text_align=&#8221;left&#8221; background_image_as_pattern=&#8221;without_pattern&#8221; background_color=&#8221;#dadadc&#8221; css=&#8221;.vc_custom_1547145214092{padding-top: 40px !important;background-color: #ffffff !important;}&#8221;][vc_column][vc_empty_space height=&#8221;50px&#8221;][vc_column_text]<\/p>\n<h2 style=\"text-align: center;\">Fechas y sedes del campeonato de p\u00e1del para empleados y mediadores<\/h2>\n<p>[\/vc_column_text][vc_empty_space height=&#8221;20px&#8221;][vc_row_inner row_type=&#8221;row&#8221; type=&#8221;full_width&#8221; text_align=&#8221;left&#8221; css_animation=&#8221;&#8221; css=&#8221;.vc_custom_1547145258519{padding-bottom: 40px !important;}&#8221;][vc_column_inner width=&#8221;1\/3&#8243;][vc_empty_space height=&#8221;20px&#8221;][vc_column_text]<\/p>\n<h3><span style=\"color: #000000;\">Torneo de Madrid<\/span><\/h3>\n<p><strong>Sede: <\/strong>Ciudad de la Raqueta<\/p>\n<p><strong>Fecha: <\/strong>(pendiente de confirmar)<\/p>\n<p><strong>Horario: <\/strong>(pendiente de confirmar)[\/vc_column_text][\/vc_column_inner][vc_column_inner width=&#8221;1\/3&#8243;][vc_empty_space height=&#8221;20px&#8221;][vc_column_text]<\/p>\n<h3><\/h3>\n<h3><span style=\"color: #000000;\">Torneo de Bilbao<\/span><\/h3>\n<p><strong>Sede: <\/strong>Real Club Jolaseta<\/p>\n<p><strong>Fecha: <\/strong>(pendiente de confirmar)<\/p>\n<p><strong>Horario:<\/strong>(pendiente de confirmar)[\/vc_column_text][\/vc_column_inner][vc_column_inner width=&#8221;1\/3&#8243;][vc_empty_space height=&#8221;20px&#8221;][vc_column_text]<\/p>\n<h3><span style=\"color: #000000;\">Torneo de Barcelona<\/span><\/h3>\n<p><strong>Sede: <\/strong>Occident &#8211; Club Social<\/p>\n<p><strong>Fecha:<\/strong> (pendiente de confirmar)<\/p>\n<p><strong>Horario:\u00a0<\/strong>(pendiente de confirmar)[\/vc_column_text][\/vc_column_inner][\/vc_row_inner][\/vc_column][\/vc_row][vc_row css_animation=&#8221;&#8221; row_type=&#8221;row&#8221; use_row_as_full_screen_section=&#8221;no&#8221; type=&#8221;full_width&#8221; angled_section=&#8221;no&#8221; text_align=&#8221;left&#8221; background_image_as_pattern=&#8221;without_pattern&#8221;][vc_column][vc_empty_space height=&#8221;50px&#8221;][vc_column_text]<\/p>\n<h2 style=\"text-align: center;\">M\u00e1s informaci\u00f3n acerca del torneo de p\u00e1del<\/h2>\n<p>[\/vc_column_text][vc_empty_space height=&#8221;20px&#8221;][\/vc_column][\/vc_row][vc_row css_animation=&#8221;&#8221; row_type=&#8221;row&#8221; use_row_as_full_screen_section=&#8221;no&#8221; type=&#8221;grid&#8221; angled_section=&#8221;no&#8221; text_align=&#8221;center&#8221; background_image_as_pattern=&#8221;without_pattern&#8221; background_color=&#8221;#ffffff&#8221; padding_top=&#8221;40&#8243; css=&#8221;.vc_custom_1489168344094{background-color: #ffffff !important;}&#8221;][vc_column width=&#8221;1\/3&#8243;][vc_row_inner row_type=&#8221;row&#8221; type=&#8221;full_width&#8221; text_align=&#8221;left&#8221; css_animation=&#8221;&#8221;][vc_column_inner width=&#8221;1\/4&#8243;][vc_single_image image=&#8221;5995&#8243; img_size=&#8221;66&#215;75&#8243; qode_css_animation=&#8221;&#8221;][\/vc_column_inner][vc_column_inner width=&#8221;3\/4&#8243;][vc_column_text]<\/p>\n<h3><a href=\"https:\/\/www.fundacionoccident.org\/xpress-tennis-cup\/torneo-xpress-padel-cup\/normativa-xpress-padel-cup\">Normativa<\/a><\/h3>\n<p>[\/vc_column_text][vc_column_text]<\/p>\n<p>Todo lo que necesitas saber sobre la edici\u00f3n de este a\u00f1o.<\/p>\n<p>[\/vc_column_text][vc_separator type=&#8221;normal&#8221; up=&#8221;30&#8243;][\/vc_column_inner][\/vc_row_inner][vc_row_inner row_type=&#8221;row&#8221; type=&#8221;full_width&#8221; text_align=&#8221;left&#8221; padding_top=&#8221;35&#8243; css_animation=&#8221;&#8221;][vc_column_inner width=&#8221;1\/4&#8243;][vc_single_image image=&#8221;5999&#8243; img_size=&#8221;66&#215;75&#8243; qode_css_animation=&#8221;&#8221;][\/vc_column_inner][vc_column_inner width=&#8221;3\/4&#8243;][vc_column_text]<\/p>\n<h3><a href=\"\/tennis\/solidaridad\">Solidaridad<\/a><\/h3>\n<p>[\/vc_column_text][vc_column_text]En el Xpress Padel Cup podr\u00e1s descubrir y ayudar a una gran iniciativa ligada al p\u00e1del[\/vc_column_text][\/vc_column_inner][\/vc_row_inner][\/vc_column][vc_column width=&#8221;1\/3&#8243;][vc_row_inner row_type=&#8221;row&#8221; type=&#8221;full_width&#8221; text_align=&#8221;left&#8221; padding_top=&#8221;35&#8243; css_animation=&#8221;&#8221;][vc_column_inner width=&#8221;1\/4&#8243;][vc_single_image image=&#8221;5996&#8243; img_size=&#8221;66&#215;75&#8243; qode_css_animation=&#8221;&#8221;][\/vc_column_inner][vc_column_inner width=&#8221;3\/4&#8243;][vc_column_text]<\/p>\n<h3><a href=\"https:\/\/www.fundacionoccident.org\/xpress-tennis-cup\/torneo-xpress-padel-cup\/participa-xpress-padel-cup\">Inscripci\u00f3n<\/a><\/h3>\n<p>[\/vc_column_text][vc_column_text]Toda la informaci\u00f3n necesaria para inscribirte en la sede del torneo[\/vc_column_text][\/vc_column_inner][\/vc_row_inner][\/vc_column][vc_column width=&#8221;1\/3&#8243;][vc_row_inner row_type=&#8221;row&#8221; type=&#8221;full_width&#8221; text_align=&#8221;left&#8221; padding_top=&#8221;35&#8243; css_animation=&#8221;&#8221;][vc_column_inner width=&#8221;1\/4&#8243;][vc_single_image image=&#8221;5993&#8243; img_size=&#8221;66&#215;75&#8243; qode_css_animation=&#8221;&#8221;][\/vc_column_inner][vc_column_inner width=&#8221;3\/4&#8243;][vc_column_text]<\/p>\n<h3><a href=\"https:\/\/www.fundacionoccident.org\/xpress-tennis-cup\/torneo-xpress-padel-cup\/galeria-xpress-padel-cup\">Galer\u00eda<\/a><\/h3>\n<p>[\/vc_column_text][vc_column_text]Si has participado en nuestro torneo, aqu\u00ed podr\u00e1s ver todas las im\u00e1genes y v\u00eddeo[\/vc_column_text][\/vc_column_inner][\/vc_row_inner][\/vc_column][\/vc_row][vc_row css_animation=&#8221;&#8221; row_type=&#8221;row&#8221; use_row_as_full_screen_section=&#8221;no&#8221; type=&#8221;full_width&#8221; angled_section=&#8221;no&#8221; text_align=&#8221;left&#8221; background_image_as_pattern=&#8221;without_pattern&#8221;][vc_column][vc_empty_space height=&#8221;80px&#8221;][vc_column_text]<\/p>\n<h2 style=\"text-align: center;\">Conoce Fundaci\u00f3n Occident<\/h2>\n<p>[\/vc_column_text][vc_empty_space height=&#8221;50px&#8221;][vc_video link=&#8221;https:\/\/youtu.be\/k-yzp9uBBhM&#8221; el_width=&#8221;50&#8243; align=&#8221;center&#8221;][vc_empty_space height=&#8221;20px&#8221;][\/vc_column][\/vc_row][vc_row css_animation=&#8221;&#8221; row_type=&#8221;row&#8221; use_row_as_full_screen_section=&#8221;no&#8221; type=&#8221;full_width&#8221; angled_section=&#8221;no&#8221; text_align=&#8221;left&#8221; background_image_as_pattern=&#8221;without_pattern&#8221;][vc_column][vc_empty_space height=&#8221;80px&#8221;][vc_column_text css=&#8221;.vc_custom_1709718119403{padding-bottom: 20px !important;}&#8221;]<\/p>\n<h2 style=\"text-align: center;\">Patrocinadores del campeonato de p\u00e1del de la Fundaci\u00f3n Occident<\/h2>\n<p>[\/vc_column_text][\/vc_column][\/vc_row][vc_row css_animation=&#8221;&#8221; row_type=&#8221;row&#8221; use_row_as_full_screen_section=&#8221;no&#8221; type=&#8221;grid&#8221; angled_section=&#8221;no&#8221; text_align=&#8221;left&#8221; background_image_as_pattern=&#8221;without_pattern&#8221;][vc_column css=&#8221;.vc_custom_1601558146827{margin-top: 60px !important;}&#8221;][vc_column_text el_class=&#8221;h3&#8243;]<\/p>\n<p style=\"text-align: left;\"><strong>Una iniciativa de<\/strong><\/p>\n<p>[\/vc_column_text][vc_separator type=&#8221;normal&#8221;][vc_single_image image=&#8221;8586&#8243; img_size=&#8221;medium&#8221; alignment=&#8221;center&#8221; onclick=&#8221;custom_link&#8221; img_link_target=&#8221;_blank&#8221; qode_css_animation=&#8221;&#8221; css=&#8221;.vc_custom_1706097217527{margin-top: 35px !important;}&#8221; link=&#8221;https:\/\/www.fundacionoccident.org\/&#8221;][vc_empty_space height=&#8221;75px&#8221;][vc_column_text el_class=&#8221;h3&#8243;]<\/p>\n<p>Colaborador oficial<\/p>\n<p>[\/vc_column_text][vc_separator type=&#8221;normal&#8221;][vc_single_image image=&#8221;6459&#8243; img_size=&#8221;196&#215;48&#8243; alignment=&#8221;center&#8221; onclick=&#8221;custom_link&#8221; img_link_target=&#8221;_blank&#8221; qode_css_animation=&#8221;&#8221; css=&#8221;.vc_custom_1603294791410{margin-top: 35px !important;}&#8221; link=&#8221;https:\/\/www.wilson.com\/es-es&#8221;][vc_empty_space height=&#8221;75px&#8221;][vc_column_text el_class=&#8221;h3&#8243;]<\/p>\n<p>Partners<\/p>\n<p>[\/vc_column_text][vc_separator type=&#8221;normal&#8221;][vc_row_inner row_type=&#8221;row&#8221; type=&#8221;full_width&#8221; text_align=&#8221;left&#8221; css_animation=&#8221;&#8221;][vc_column_inner width=&#8221;1\/3&#8243;][vc_empty_space height=&#8221;35px&#8221;][vc_single_image image=&#8221;6854&#8243; img_size=&#8221;130&#215;98&#8243; alignment=&#8221;center&#8221; onclick=&#8221;custom_link&#8221; qode_css_animation=&#8221;&#8221; link=&#8221;https:\/\/www.nectina.com\/&#8221;][\/vc_column_inner][\/vc_row_inner][\/vc_column][\/vc_row][vc_row css_animation=&#8221;&#8221; row_type=&#8221;row&#8221; use_row_as_full_screen_section=&#8221;no&#8221; type=&#8221;full_width&#8221; angled_section=&#8221;no&#8221; text_align=&#8221;left&#8221; background_image_as_pattern=&#8221;without_pattern&#8221;][vc_column][vc_empty_space height=&#8221;120px&#8221;][\/vc_column][\/vc_row]<\/p>\n","protected":false},"excerpt":{"rendered":"<p>[vc_row css_animation=&#8221;&#8221; row_type=&#8221;row&#8221; use_row_as_full_screen_section=&#8221;no&#8221; type=&#8221;full_width&#8221; angled_section=&#8221;no&#8221; text_align=&#8221;left&#8221; background_image_as_pattern=&#8221;without_pattern&#8221;][vc_column][vc_single_image image=&#8221;8639&#8243; img_size=&#8221;full&#8221; qode_css_animation=&#8221;&#8221;][\/vc_column][\/vc_row][vc_row css_animation=&#8221;&#8221; row_type=&#8221;row&#8221; use_row_as_full_screen_section=&#8221;no&#8221; type=&#8221;grid&#8221; angled_section=&#8221;no&#8221; text_align=&#8221;left&#8221; background_image_as_pattern=&#8221;without_pattern&#8221; background_color=&#8221;#dadadc&#8221; css=&#8221;.vc_custom_1547145214092{padding-top: 40px !important;background-color: #ffffff !important;}&#8221;][vc_column][vc_column_text] Xpress Padel Cup &#8211; El campeonato de p\u00e1del para empleados y mediadores de GCO [\/vc_column_text][vc_empty_space height=&#8221;40&#8243;][vc_row_inner row_type=&#8221;row&#8221; type=&#8221;full_width&#8221; text_align=&#8221;left&#8221; css_animation=&#8221;&#8221; css=&#8221;.vc_custom_1547145258519{padding-bottom:&#8230;<\/p>\n","protected":false},"author":9,"featured_media":0,"parent":0,"menu_order":0,"comment_status":"closed","ping_status":"closed","template":"full_width.php","meta":{"footnotes":"","_links_to":"","_links_to_target":""},"class_list":["post-7299","page","type-page","status-publish","hentry"],"yoast_head":"<!-- This site is optimized with the Yoast SEO plugin v26.3 - https:\/\/yoast.com\/wordpress\/plugins\/seo\/ -->\n<title>Xpress Padel Cup | Campeonato de p\u00e1del | Fundaci\u00f3n Occident<\/title>\n<meta name=\"description\" content=\"Xpress Padel Cup es un campeonato de p\u00e1del con el que la Fundaci\u00f3n Occident se propone impulsar la pr\u00e1ctica del p\u00e1del y sus valores.\" \/>\n<meta name=\"robots\" content=\"index, follow, max-snippet:-1, max-image-preview:large, max-video-preview:-1\" \/>\n<link rel=\"canonical\" href=\"https:\/\/edicion.fundacionoccident.org\/tennis\/wp-json\/wp\/v2\/pages\/7299\" \/>\n<meta property=\"og:locale\" content=\"es_ES\" \/>\n<meta property=\"og:type\" content=\"article\" \/>\n<meta property=\"og:title\" content=\"Xpress Padel Cup | Campeonato de p\u00e1del | Fundaci\u00f3n Occident\" \/>\n<meta property=\"og:description\" content=\"Xpress Padel Cup es un campeonato de p\u00e1del con el que la Fundaci\u00f3n Occident se propone impulsar la pr\u00e1ctica del p\u00e1del y sus valores.\" \/>\n<meta property=\"og:url\" content=\"https:\/\/edicion.fundacionoccident.org\/tennis\/torneo-xpress-padel-cup\" \/>\n<meta property=\"og:site_name\" content=\"Xpress Tennis Cup\" \/>\n<meta property=\"article:modified_time\" content=\"2024-12-03T11:51:08+00:00\" \/>\n<meta name=\"twitter:card\" content=\"summary_large_image\" \/>\n<meta name=\"twitter:label1\" content=\"Tiempo de lectura\" \/>\n\t<meta name=\"twitter:data1\" content=\"3 minutos\" \/>\n<script type=\"application\/ld+json\" class=\"yoast-schema-graph\">{\"@context\":\"https:\/\/schema.org\",\"@graph\":[{\"@type\":\"WebPage\",\"@id\":\"https:\/\/edicion.fundacionoccident.org\/tennis\/torneo-xpress-padel-cup\",\"url\":\"https:\/\/edicion.fundacionoccident.org\/tennis\/torneo-xpress-padel-cup\",\"name\":\"Xpress Padel Cup | Campeonato de p\u00e1del | Fundaci\u00f3n Occident\",\"isPartOf\":{\"@id\":\"https:\/\/edicion.fundacionoccident.org\/tennis\/#website\"},\"datePublished\":\"2021-11-19T13:21:04+00:00\",\"dateModified\":\"2024-12-03T11:51:08+00:00\",\"description\":\"Xpress Padel Cup es un campeonato de p\u00e1del con el que la Fundaci\u00f3n Occident se propone impulsar la pr\u00e1ctica del p\u00e1del y sus valores.\",\"breadcrumb\":{\"@id\":\"https:\/\/edicion.fundacionoccident.org\/tennis\/torneo-xpress-padel-cup#breadcrumb\"},\"inLanguage\":\"es\",\"potentialAction\":[{\"@type\":\"ReadAction\",\"target\":[\"https:\/\/edicion.fundacionoccident.org\/tennis\/torneo-xpress-padel-cup\"]}]},{\"@type\":\"BreadcrumbList\",\"@id\":\"https:\/\/edicion.fundacionoccident.org\/tennis\/torneo-xpress-padel-cup#breadcrumb\",\"itemListElement\":[{\"@type\":\"ListItem\",\"position\":1,\"name\":\"Portada\",\"item\":\"https:\/\/edicion.fundacionoccident.org\/tennis\/\"},{\"@type\":\"ListItem\",\"position\":2,\"name\":\"Torneo Xpress Padel Cup\"}]},{\"@type\":\"WebSite\",\"@id\":\"https:\/\/edicion.fundacionoccident.org\/tennis\/#website\",\"url\":\"https:\/\/edicion.fundacionoccident.org\/tennis\/\",\"name\":\"Xpress Tennis Cup\",\"description\":\"Fundaci\u00f3 Jes\u00fas Serra\",\"potentialAction\":[{\"@type\":\"SearchAction\",\"target\":{\"@type\":\"EntryPoint\",\"urlTemplate\":\"https:\/\/edicion.fundacionoccident.org\/tennis\/?s={search_term_string}\"},\"query-input\":{\"@type\":\"PropertyValueSpecification\",\"valueRequired\":true,\"valueName\":\"search_term_string\"}}],\"inLanguage\":\"es\"}]}<\/script>\n<!-- \/ Yoast SEO plugin. -->","yoast_head_json":{"title":"Xpress Padel Cup | Campeonato de p\u00e1del | Fundaci\u00f3n Occident","description":"Xpress Padel Cup es un campeonato de p\u00e1del con el que la Fundaci\u00f3n Occident se propone impulsar la pr\u00e1ctica del p\u00e1del y sus valores.","robots":{"index":"index","follow":"follow","max-snippet":"max-snippet:-1","max-image-preview":"max-image-preview:large","max-video-preview":"max-video-preview:-1"},"canonical":"https:\/\/edicion.fundacionoccident.org\/tennis\/wp-json\/wp\/v2\/pages\/7299","og_locale":"es_ES","og_type":"article","og_title":"Xpress Padel Cup | Campeonato de p\u00e1del | Fundaci\u00f3n Occident","og_description":"Xpress Padel Cup es un campeonato de p\u00e1del con el que la Fundaci\u00f3n Occident se propone impulsar la pr\u00e1ctica del p\u00e1del y sus valores.","og_url":"https:\/\/edicion.fundacionoccident.org\/tennis\/torneo-xpress-padel-cup","og_site_name":"Xpress Tennis Cup","article_modified_time":"2024-12-03T11:51:08+00:00","twitter_card":"summary_large_image","twitter_misc":{"Tiempo de lectura":"3 minutos"},"schema":{"@context":"https:\/\/schema.org","@graph":[{"@type":"WebPage","@id":"https:\/\/edicion.fundacionoccident.org\/tennis\/torneo-xpress-padel-cup","url":"https:\/\/edicion.fundacionoccident.org\/tennis\/torneo-xpress-padel-cup","name":"Xpress Padel Cup | Campeonato de p\u00e1del | Fundaci\u00f3n Occident","isPartOf":{"@id":"https:\/\/edicion.fundacionoccident.org\/tennis\/#website"},"datePublished":"2021-11-19T13:21:04+00:00","dateModified":"2024-12-03T11:51:08+00:00","description":"Xpress Padel Cup es un campeonato de p\u00e1del con el que la Fundaci\u00f3n Occident se propone impulsar la pr\u00e1ctica del p\u00e1del y sus valores.","breadcrumb":{"@id":"https:\/\/edicion.fundacionoccident.org\/tennis\/torneo-xpress-padel-cup#breadcrumb"},"inLanguage":"es","potentialAction":[{"@type":"ReadAction","target":["https:\/\/edicion.fundacionoccident.org\/tennis\/torneo-xpress-padel-cup"]}]},{"@type":"BreadcrumbList","@id":"https:\/\/edicion.fundacionoccident.org\/tennis\/torneo-xpress-padel-cup#breadcrumb","itemListElement":[{"@type":"ListItem","position":1,"name":"Portada","item":"https:\/\/edicion.fundacionoccident.org\/tennis\/"},{"@type":"ListItem","position":2,"name":"Torneo Xpress Padel Cup"}]},{"@type":"WebSite","@id":"https:\/\/edicion.fundacionoccident.org\/tennis\/#website","url":"https:\/\/edicion.fundacionoccident.org\/tennis\/","name":"Xpress Tennis Cup","description":"Fundaci\u00f3 Jes\u00fas Serra","potentialAction":[{"@type":"SearchAction","target":{"@type":"EntryPoint","urlTemplate":"https:\/\/edicion.fundacionoccident.org\/tennis\/?s={search_term_string}"},"query-input":{"@type":"PropertyValueSpecification","valueRequired":true,"valueName":"search_term_string"}}],"inLanguage":"es"}]}},"_links":{"self":[{"href":"https:\/\/edicion.fundacionoccident.org\/tennis\/wp-json\/wp\/v2\/pages\/7299","targetHints":{"allow":["GET"]}}],"collection":[{"href":"https:\/\/edicion.fundacionoccident.org\/tennis\/wp-json\/wp\/v2\/pages"}],"about":[{"href":"https:\/\/edicion.fundacionoccident.org\/tennis\/wp-json\/wp\/v2\/types\/page"}],"author":[{"embeddable":true,"href":"https:\/\/edicion.fundacionoccident.org\/tennis\/wp-json\/wp\/v2\/users\/9"}],"replies":[{"embeddable":true,"href":"https:\/\/edicion.fundacionoccident.org\/tennis\/wp-json\/wp\/v2\/comments?post=7299"}],"version-history":[{"count":46,"href":"https:\/\/edicion.fundacionoccident.org\/tennis\/wp-json\/wp\/v2\/pages\/7299\/revisions"}],"predecessor-version":[{"id":9087,"href":"https:\/\/edicion.fundacionoccident.org\/tennis\/wp-json\/wp\/v2\/pages\/7299\/revisions\/9087"}],"wp:attachment":[{"href":"https:\/\/edicion.fundacionoccident.org\/tennis\/wp-json\/wp\/v2\/media?parent=7299"}],"curies":[{"name":"wp","href":"https:\/\/api.w.org\/{rel}","templated":true}]}}