{"id":9237,"date":"2024-12-05T13:24:56","date_gmt":"2024-12-05T12:24:56","guid":{"rendered":"https:\/\/edicion.fundacionoccident.org\/tennis\/?page_id=9237"},"modified":"2025-06-03T17:24:05","modified_gmt":"2025-06-03T15:24:05","slug":"galeria-cataluna-2025","status":"publish","type":"page","link":"https:\/\/edicion.fundacionoccident.org\/tennis\/galeria-cataluna-2025","title":{"rendered":"Galer\u00eda Catalu\u00f1a 2025"},"content":{"rendered":"<p>[vc_row css_animation=&#8221;&#8221; row_type=&#8221;row&#8221; use_row_as_full_screen_section=&#8221;no&#8221; type=&#8221;grid&#8221; angled_section=&#8221;no&#8221; text_align=&#8221;center&#8221; background_image_as_pattern=&#8221;without_pattern&#8221; background_color=&#8221;#ffffff&#8221;][vc_column width=&#8221;1\/2&#8243;][vc_empty_space][vc_single_image image=&#8221;9428&#8243; img_size=&#8221;large&#8221; qode_css_animation=&#8221;&#8221;][vc_empty_space][\/vc_column][vc_column width=&#8221;1\/2&#8243;][vc_empty_space][vc_column_text]<\/p>\n<h1 style=\"text-align: left;\">Fase Lleida<\/h1>\n<h4 style=\"text-align: left;\"><\/h4>\n<h3 style=\"text-align: left;\">Galer\u00eda im\u00e1genes<\/h3>\n<p style=\"text-align: left;\"><a href=\"https:\/\/flic.kr\/s\/aHBqjCeT8U\">Todas las im\u00e1genes&gt;&gt;<\/a><\/p>\n<p>[\/vc_column_text][vc_empty_space][\/vc_column][\/vc_row][vc_row css_animation=&#8221;&#8221; row_type=&#8221;row&#8221; use_row_as_full_screen_section=&#8221;no&#8221; type=&#8221;grid&#8221; angled_section=&#8221;no&#8221; text_align=&#8221;center&#8221; background_image_as_pattern=&#8221;without_pattern&#8221; background_color=&#8221;#ffffff&#8221;][vc_column width=&#8221;1\/2&#8243;][vc_empty_space][vc_single_image image=&#8221;9377&#8243; img_size=&#8221;large&#8221; qode_css_animation=&#8221;&#8221;][vc_empty_space][\/vc_column][vc_column width=&#8221;1\/2&#8243;][vc_empty_space][vc_column_text]<\/p>\n<h1 style=\"text-align: left;\">Fase Girona<\/h1>\n<h4 style=\"text-align: left;\"><\/h4>\n<h3 style=\"text-align: left;\">Galer\u00eda im\u00e1genes<\/h3>\n<p style=\"text-align: left;\"><a href=\"https:\/\/flic.kr\/s\/aHBqjCdWNp\">Todas las im\u00e1genes &gt;&gt;<\/a><\/p>\n<p>[\/vc_column_text][vc_empty_space][\/vc_column][\/vc_row][vc_row css_animation=&#8221;&#8221; row_type=&#8221;row&#8221; use_row_as_full_screen_section=&#8221;no&#8221; type=&#8221;full_width&#8221; angled_section=&#8221;no&#8221; text_align=&#8221;left&#8221; background_image_as_pattern=&#8221;without_pattern&#8221;][vc_column][vc_empty_space][\/vc_column][\/vc_row][vc_row css_animation=&#8221;&#8221; row_type=&#8221;row&#8221; use_row_as_full_screen_section=&#8221;no&#8221; type=&#8221;grid&#8221; angled_section=&#8221;no&#8221; text_align=&#8221;center&#8221; background_image_as_pattern=&#8221;without_pattern&#8221; background_color=&#8221;#ffffff&#8221;][vc_column width=&#8221;1\/2&#8243;][vc_empty_space][vc_single_image image=&#8221;9378&#8243; img_size=&#8221;large&#8221; qode_css_animation=&#8221;&#8221;][vc_empty_space][\/vc_column][vc_column width=&#8221;1\/2&#8243;][vc_empty_space][vc_column_text]<\/p>\n<h1 style=\"text-align: left;\">Fase Tarragona<\/h1>\n<h4 style=\"text-align: left;\"><\/h4>\n<h3 style=\"text-align: left;\">Galer\u00eda im\u00e1genes<\/h3>\n<p style=\"text-align: left;\"><a href=\"https:\/\/flic.kr\/s\/aHBqjCdYB5\">Todas las im\u00e1genes&gt;&gt;<\/a><\/p>\n<p>[\/vc_column_text][vc_empty_space][\/vc_column][\/vc_row][vc_row css_animation=&#8221;&#8221; row_type=&#8221;row&#8221; use_row_as_full_screen_section=&#8221;no&#8221; type=&#8221;grid&#8221; angled_section=&#8221;no&#8221; text_align=&#8221;center&#8221; background_image_as_pattern=&#8221;without_pattern&#8221; background_color=&#8221;#ffffff&#8221;][vc_column width=&#8221;1\/2&#8243;][vc_empty_space][vc_single_image image=&#8221;9431&#8243; img_size=&#8221;large&#8221; qode_css_animation=&#8221;&#8221;][vc_empty_space][\/vc_column][vc_column width=&#8221;1\/2&#8243;][vc_empty_space][vc_column_text]<\/p>\n<h1 style=\"text-align: left;\">Fase Barcelona<\/h1>\n<h4 style=\"text-align: left;\"><\/h4>\n<h3 style=\"text-align: left;\">Galer\u00eda im\u00e1genes<\/h3>\n<p style=\"text-align: left;\"><a href=\"https:\/\/www.flickr.com\/photos\/200189654@N05\/albums\/72177720326435008\/\">Todas las im\u00e1genes&gt;&gt;<\/a><\/p>\n<p>[\/vc_column_text][vc_empty_space][\/vc_column][\/vc_row][vc_row css_animation=&#8221;&#8221; row_type=&#8221;row&#8221; use_row_as_full_screen_section=&#8221;no&#8221; type=&#8221;full_width&#8221; angled_section=&#8221;no&#8221; text_align=&#8221;left&#8221; background_image_as_pattern=&#8221;without_pattern&#8221;][vc_column][vc_empty_space][\/vc_column][\/vc_row][vc_row css_animation=&#8221;&#8221; row_type=&#8221;row&#8221; use_row_as_full_screen_section=&#8221;no&#8221; type=&#8221;full_width&#8221; angled_section=&#8221;no&#8221; text_align=&#8221;left&#8221; background_image_as_pattern=&#8221;without_pattern&#8221;][vc_column][vc_empty_space][\/vc_column][\/vc_row][vc_row css_animation=&#8221;&#8221; row_type=&#8221;row&#8221; use_row_as_full_screen_section=&#8221;no&#8221; type=&#8221;full_width&#8221; angled_section=&#8221;no&#8221; text_align=&#8221;left&#8221; background_image_as_pattern=&#8221;without_pattern&#8221;][vc_column][vc_empty_space][\/vc_column][\/vc_row][vc_row css_animation=&#8221;&#8221; row_type=&#8221;row&#8221; use_row_as_full_screen_section=&#8221;no&#8221; type=&#8221;grid&#8221; angled_section=&#8221;no&#8221; text_align=&#8221;center&#8221; background_image_as_pattern=&#8221;without_pattern&#8221; background_color=&#8221;#ffffff&#8221;][vc_column width=&#8221;1\/2&#8243;][vc_empty_space][vc_single_image image=&#8221;9451&#8243; img_size=&#8221;large&#8221; qode_css_animation=&#8221;&#8221;][vc_empty_space][\/vc_column][vc_column width=&#8221;1\/2&#8243;][vc_empty_space][vc_column_text]<\/p>\n<h1 style=\"text-align: left;\">Gran Final<\/h1>\n<h4 style=\"text-align: left;\"><\/h4>\n<h3 style=\"text-align: left;\">Galer\u00eda im\u00e1genes<\/h3>\n<p style=\"text-align: left;\"><a href=\"https:\/\/flic.kr\/s\/aHBqjCgzsU\">Todas las im\u00e1genes&gt;&gt;<\/a><\/p>\n<p>[\/vc_column_text][vc_empty_space][\/vc_column][\/vc_row][vc_row css_animation=&#8221;&#8221; row_type=&#8221;row&#8221; use_row_as_full_screen_section=&#8221;no&#8221; type=&#8221;full_width&#8221; angled_section=&#8221;no&#8221; text_align=&#8221;left&#8221; background_image_as_pattern=&#8221;without_pattern&#8221;][vc_column][vc_empty_space][\/vc_column][\/vc_row]<\/p>\n","protected":false},"excerpt":{"rendered":"<p>[vc_row css_animation=&#8221;&#8221; row_type=&#8221;row&#8221; use_row_as_full_screen_section=&#8221;no&#8221; type=&#8221;grid&#8221; angled_section=&#8221;no&#8221; text_align=&#8221;center&#8221; background_image_as_pattern=&#8221;without_pattern&#8221; background_color=&#8221;#ffffff&#8221;][vc_column width=&#8221;1\/2&#8243;][vc_empty_space][vc_single_image image=&#8221;9428&#8243; img_size=&#8221;large&#8221; qode_css_animation=&#8221;&#8221;][vc_empty_space][\/vc_column][vc_column width=&#8221;1\/2&#8243;][vc_empty_space][vc_column_text] Fase Lleida Galer\u00eda im\u00e1genes Todas las im\u00e1genes&gt;&gt; [\/vc_column_text][vc_empty_space][\/vc_column][\/vc_row][vc_row css_animation=&#8221;&#8221; row_type=&#8221;row&#8221; use_row_as_full_screen_section=&#8221;no&#8221; type=&#8221;grid&#8221; angled_section=&#8221;no&#8221; text_align=&#8221;center&#8221; background_image_as_pattern=&#8221;without_pattern&#8221; background_color=&#8221;#ffffff&#8221;][vc_column width=&#8221;1\/2&#8243;][vc_empty_space][vc_single_image image=&#8221;9377&#8243; img_size=&#8221;large&#8221; qode_css_animation=&#8221;&#8221;][vc_empty_space][\/vc_column][vc_column width=&#8221;1\/2&#8243;][vc_empty_space][vc_column_text] Fase Girona Galer\u00eda im\u00e1genes Todas las im\u00e1genes &gt;&gt; [\/vc_column_text][vc_empty_space][\/vc_column][\/vc_row][vc_row css_animation=&#8221;&#8221;&#8230;<\/p>\n","protected":false},"author":14,"featured_media":0,"parent":0,"menu_order":0,"comment_status":"closed","ping_status":"closed","template":"","meta":{"footnotes":"","_links_to":"","_links_to_target":""},"class_list":["post-9237","page","type-page","status-publish","hentry"],"yoast_head":"<!-- This site is optimized with the Yoast SEO plugin v26.3 - https:\/\/yoast.com\/wordpress\/plugins\/seo\/ -->\n<title>Galer\u00eda Catalu\u00f1a 2025 - Xpress Tennis Cup<\/title>\n<meta name=\"robots\" content=\"index, follow, max-snippet:-1, max-image-preview:large, max-video-preview:-1\" \/>\n<link rel=\"canonical\" href=\"https:\/\/edicion.fundacionoccident.org\/tennis\/wp-json\/wp\/v2\/pages\/9237\" \/>\n<meta property=\"og:locale\" content=\"es_ES\" \/>\n<meta property=\"og:type\" content=\"article\" \/>\n<meta property=\"og:title\" content=\"Galer\u00eda Catalu\u00f1a 2025 - Xpress Tennis Cup\" \/>\n<meta property=\"og:description\" content=\"[vc_row css_animation=&#8221;&#8221; row_type=&#8221;row&#8221; use_row_as_full_screen_section=&#8221;no&#8221; type=&#8221;grid&#8221; angled_section=&#8221;no&#8221; text_align=&#8221;center&#8221; background_image_as_pattern=&#8221;without_pattern&#8221; background_color=&#8221;#ffffff&#8221;][vc_column width=&#8221;1\/2&#8243;][vc_empty_space][vc_single_image image=&#8221;9428&#8243; img_size=&#8221;large&#8221; qode_css_animation=&#8221;&#8221;][vc_empty_space][\/vc_column][vc_column width=&#8221;1\/2&#8243;][vc_empty_space][vc_column_text] Fase Lleida Galer\u00eda im\u00e1genes Todas las im\u00e1genes&gt;&gt; [\/vc_column_text][vc_empty_space][\/vc_column][\/vc_row][vc_row css_animation=&#8221;&#8221; row_type=&#8221;row&#8221; use_row_as_full_screen_section=&#8221;no&#8221; type=&#8221;grid&#8221; angled_section=&#8221;no&#8221; text_align=&#8221;center&#8221; background_image_as_pattern=&#8221;without_pattern&#8221; background_color=&#8221;#ffffff&#8221;][vc_column width=&#8221;1\/2&#8243;][vc_empty_space][vc_single_image image=&#8221;9377&#8243; img_size=&#8221;large&#8221; qode_css_animation=&#8221;&#8221;][vc_empty_space][\/vc_column][vc_column width=&#8221;1\/2&#8243;][vc_empty_space][vc_column_text] Fase Girona Galer\u00eda im\u00e1genes Todas las im\u00e1genes &gt;&gt; [\/vc_column_text][vc_empty_space][\/vc_column][\/vc_row][vc_row css_animation=&#8221;&#8221;...\" \/>\n<meta property=\"og:url\" content=\"https:\/\/edicion.fundacionoccident.org\/tennis\/galeria-cataluna-2025\" \/>\n<meta property=\"og:site_name\" content=\"Xpress Tennis Cup\" \/>\n<meta property=\"article:modified_time\" content=\"2025-06-03T15:24:05+00:00\" \/>\n<meta name=\"twitter:card\" content=\"summary_large_image\" \/>\n<meta name=\"twitter:label1\" content=\"Tiempo de lectura\" \/>\n\t<meta name=\"twitter:data1\" content=\"1 minuto\" \/>\n<script type=\"application\/ld+json\" class=\"yoast-schema-graph\">{\"@context\":\"https:\/\/schema.org\",\"@graph\":[{\"@type\":\"WebPage\",\"@id\":\"https:\/\/edicion.fundacionoccident.org\/tennis\/galeria-cataluna-2025\",\"url\":\"https:\/\/edicion.fundacionoccident.org\/tennis\/galeria-cataluna-2025\",\"name\":\"Galer\u00eda Catalu\u00f1a 2025 - Xpress Tennis Cup\",\"isPartOf\":{\"@id\":\"https:\/\/edicion.fundacionoccident.org\/tennis\/#website\"},\"datePublished\":\"2024-12-05T12:24:56+00:00\",\"dateModified\":\"2025-06-03T15:24:05+00:00\",\"breadcrumb\":{\"@id\":\"https:\/\/edicion.fundacionoccident.org\/tennis\/galeria-cataluna-2025#breadcrumb\"},\"inLanguage\":\"es\",\"potentialAction\":[{\"@type\":\"ReadAction\",\"target\":[\"https:\/\/edicion.fundacionoccident.org\/tennis\/galeria-cataluna-2025\"]}]},{\"@type\":\"BreadcrumbList\",\"@id\":\"https:\/\/edicion.fundacionoccident.org\/tennis\/galeria-cataluna-2025#breadcrumb\",\"itemListElement\":[{\"@type\":\"ListItem\",\"position\":1,\"name\":\"Portada\",\"item\":\"https:\/\/edicion.fundacionoccident.org\/tennis\/\"},{\"@type\":\"ListItem\",\"position\":2,\"name\":\"Galer\u00eda Catalu\u00f1a 2025\"}]},{\"@type\":\"WebSite\",\"@id\":\"https:\/\/edicion.fundacionoccident.org\/tennis\/#website\",\"url\":\"https:\/\/edicion.fundacionoccident.org\/tennis\/\",\"name\":\"Xpress Tennis Cup\",\"description\":\"Fundaci\u00f3 Jes\u00fas Serra\",\"potentialAction\":[{\"@type\":\"SearchAction\",\"target\":{\"@type\":\"EntryPoint\",\"urlTemplate\":\"https:\/\/edicion.fundacionoccident.org\/tennis\/?s={search_term_string}\"},\"query-input\":{\"@type\":\"PropertyValueSpecification\",\"valueRequired\":true,\"valueName\":\"search_term_string\"}}],\"inLanguage\":\"es\"}]}<\/script>\n<!-- \/ Yoast SEO plugin. -->","yoast_head_json":{"title":"Galer\u00eda Catalu\u00f1a 2025 - Xpress Tennis Cup","robots":{"index":"index","follow":"follow","max-snippet":"max-snippet:-1","max-image-preview":"max-image-preview:large","max-video-preview":"max-video-preview:-1"},"canonical":"https:\/\/edicion.fundacionoccident.org\/tennis\/wp-json\/wp\/v2\/pages\/9237","og_locale":"es_ES","og_type":"article","og_title":"Galer\u00eda Catalu\u00f1a 2025 - Xpress Tennis Cup","og_description":"[vc_row css_animation=&#8221;&#8221; row_type=&#8221;row&#8221; use_row_as_full_screen_section=&#8221;no&#8221; type=&#8221;grid&#8221; angled_section=&#8221;no&#8221; text_align=&#8221;center&#8221; background_image_as_pattern=&#8221;without_pattern&#8221; background_color=&#8221;#ffffff&#8221;][vc_column width=&#8221;1\/2&#8243;][vc_empty_space][vc_single_image image=&#8221;9428&#8243; img_size=&#8221;large&#8221; qode_css_animation=&#8221;&#8221;][vc_empty_space][\/vc_column][vc_column width=&#8221;1\/2&#8243;][vc_empty_space][vc_column_text] Fase Lleida Galer\u00eda im\u00e1genes Todas las im\u00e1genes&gt;&gt; [\/vc_column_text][vc_empty_space][\/vc_column][\/vc_row][vc_row css_animation=&#8221;&#8221; row_type=&#8221;row&#8221; use_row_as_full_screen_section=&#8221;no&#8221; type=&#8221;grid&#8221; angled_section=&#8221;no&#8221; text_align=&#8221;center&#8221; background_image_as_pattern=&#8221;without_pattern&#8221; background_color=&#8221;#ffffff&#8221;][vc_column width=&#8221;1\/2&#8243;][vc_empty_space][vc_single_image image=&#8221;9377&#8243; img_size=&#8221;large&#8221; qode_css_animation=&#8221;&#8221;][vc_empty_space][\/vc_column][vc_column width=&#8221;1\/2&#8243;][vc_empty_space][vc_column_text] Fase Girona Galer\u00eda im\u00e1genes Todas las im\u00e1genes &gt;&gt; [\/vc_column_text][vc_empty_space][\/vc_column][\/vc_row][vc_row css_animation=&#8221;&#8221;...","og_url":"https:\/\/edicion.fundacionoccident.org\/tennis\/galeria-cataluna-2025","og_site_name":"Xpress Tennis Cup","article_modified_time":"2025-06-03T15:24:05+00:00","twitter_card":"summary_large_image","twitter_misc":{"Tiempo de lectura":"1 minuto"},"schema":{"@context":"https:\/\/schema.org","@graph":[{"@type":"WebPage","@id":"https:\/\/edicion.fundacionoccident.org\/tennis\/galeria-cataluna-2025","url":"https:\/\/edicion.fundacionoccident.org\/tennis\/galeria-cataluna-2025","name":"Galer\u00eda Catalu\u00f1a 2025 - Xpress Tennis Cup","isPartOf":{"@id":"https:\/\/edicion.fundacionoccident.org\/tennis\/#website"},"datePublished":"2024-12-05T12:24:56+00:00","dateModified":"2025-06-03T15:24:05+00:00","breadcrumb":{"@id":"https:\/\/edicion.fundacionoccident.org\/tennis\/galeria-cataluna-2025#breadcrumb"},"inLanguage":"es","potentialAction":[{"@type":"ReadAction","target":["https:\/\/edicion.fundacionoccident.org\/tennis\/galeria-cataluna-2025"]}]},{"@type":"BreadcrumbList","@id":"https:\/\/edicion.fundacionoccident.org\/tennis\/galeria-cataluna-2025#breadcrumb","itemListElement":[{"@type":"ListItem","position":1,"name":"Portada","item":"https:\/\/edicion.fundacionoccident.org\/tennis\/"},{"@type":"ListItem","position":2,"name":"Galer\u00eda Catalu\u00f1a 2025"}]},{"@type":"WebSite","@id":"https:\/\/edicion.fundacionoccident.org\/tennis\/#website","url":"https:\/\/edicion.fundacionoccident.org\/tennis\/","name":"Xpress Tennis Cup","description":"Fundaci\u00f3 Jes\u00fas Serra","potentialAction":[{"@type":"SearchAction","target":{"@type":"EntryPoint","urlTemplate":"https:\/\/edicion.fundacionoccident.org\/tennis\/?s={search_term_string}"},"query-input":{"@type":"PropertyValueSpecification","valueRequired":true,"valueName":"search_term_string"}}],"inLanguage":"es"}]}},"_links":{"self":[{"href":"https:\/\/edicion.fundacionoccident.org\/tennis\/wp-json\/wp\/v2\/pages\/9237","targetHints":{"allow":["GET"]}}],"collection":[{"href":"https:\/\/edicion.fundacionoccident.org\/tennis\/wp-json\/wp\/v2\/pages"}],"about":[{"href":"https:\/\/edicion.fundacionoccident.org\/tennis\/wp-json\/wp\/v2\/types\/page"}],"author":[{"embeddable":true,"href":"https:\/\/edicion.fundacionoccident.org\/tennis\/wp-json\/wp\/v2\/users\/14"}],"replies":[{"embeddable":true,"href":"https:\/\/edicion.fundacionoccident.org\/tennis\/wp-json\/wp\/v2\/comments?post=9237"}],"version-history":[{"count":10,"href":"https:\/\/edicion.fundacionoccident.org\/tennis\/wp-json\/wp\/v2\/pages\/9237\/revisions"}],"predecessor-version":[{"id":9452,"href":"https:\/\/edicion.fundacionoccident.org\/tennis\/wp-json\/wp\/v2\/pages\/9237\/revisions\/9452"}],"wp:attachment":[{"href":"https:\/\/edicion.fundacionoccident.org\/tennis\/wp-json\/wp\/v2\/media?parent=9237"}],"curies":[{"name":"wp","href":"https:\/\/api.w.org\/{rel}","templated":true}]}}