{"id":992,"date":"2017-03-31T08:27:54","date_gmt":"2017-03-31T08:27:54","guid":{"rendered":"http:\/\/edicion.fundacionjesusserra.org\/tennis\/?page_id=992"},"modified":"2025-11-25T12:55:15","modified_gmt":"2025-11-25T11:55:15","slug":"faq","status":"publish","type":"page","link":"https:\/\/edicion.fundacionoccident.org\/tennis\/faq","title":{"rendered":"Preguntas Frecuentes"},"content":{"rendered":"<p>[vc_row css_animation=&#8221;&#8221; row_type=&#8221;row&#8221; use_row_as_full_screen_section=&#8221;no&#8221; type=&#8221;full_width&#8221; angled_section=&#8221;no&#8221; text_align=&#8221;left&#8221; background_image_as_pattern=&#8221;without_pattern&#8221;][vc_column][vc_single_image image=&#8221;322&#8243; img_size=&#8221;1600&#215;481&#8243; qode_css_animation=&#8221;&#8221;][\/vc_column][\/vc_row][vc_row css_animation=&#8221;&#8221; row_type=&#8221;row&#8221; use_row_as_full_screen_section=&#8221;no&#8221; type=&#8221;grid&#8221; anchor=&#8221;1600&#8243; angled_section=&#8221;no&#8221; text_align=&#8221;left&#8221; background_image_as_pattern=&#8221;without_pattern&#8221; background_color=&#8221;#ffffff&#8221; css=&#8221;.vc_custom_1491484404244{margin-right: 0px !important;margin-left: 0px !important;}&#8221;][vc_column css=&#8221;.vc_custom_1491484427527{padding-left: 35px !important;}&#8221;][vc_row_inner row_type=&#8221;row&#8221; type=&#8221;full_width&#8221; text_align=&#8221;left&#8221; css_animation=&#8221;&#8221;][vc_column_inner][vc_empty_space height=&#8221;20px&#8221;][vc_video link=&#8221; https:\/\/youtu.be\/Yd3OTvxYRzA&#8221; el_width=&#8221;50&#8243; align=&#8221;center&#8221;][\/vc_column_inner][\/vc_row_inner][\/vc_column][\/vc_row][vc_row css_animation=&#8221;&#8221; row_type=&#8221;row&#8221; use_row_as_full_screen_section=&#8221;no&#8221; type=&#8221;grid&#8221; anchor=&#8221;1600&#8243; angled_section=&#8221;no&#8221; text_align=&#8221;left&#8221; background_image_as_pattern=&#8221;without_pattern&#8221; background_color=&#8221;#ffffff&#8221; css=&#8221;.vc_custom_1491484404244{margin-right: 0px !important;margin-left: 0px !important;}&#8221;][vc_column css=&#8221;.vc_custom_1491484427527{padding-left: 35px !important;}&#8221;][vc_empty_space height=&#8221;60px&#8221;][vc_row_inner row_type=&#8221;row&#8221; type=&#8221;full_width&#8221; text_align=&#8221;left&#8221; css_animation=&#8221;&#8221;][vc_column_inner][vc_column_text]<\/p>\n<h1>Preguntas frecuentes<\/h1>\n<p>[\/vc_column_text][vc_empty_space height=&#8221;20px&#8221;][vc_column_text]<\/p>\n<p id=\"tw-target-text\" class=\"tw-data-text tw-ta tw-text-small\" dir=\"ltr\" data-placeholder=\"Traducci\u00f3n\"><span lang=\"es\">En este apartado encontrar\u00e1s las respuestas a las dudas y preguntas m\u00e1s frecuentes relacionadas con el Xpress Tennis Cup.<\/span><\/p>\n<p>[\/vc_column_text][vc_empty_space height=&#8221;20px&#8221;][vc_column_text]<span style=\"color: #000000;\"><strong>Normativa general Xpress Tennis Cup<\/strong><\/span><\/p>\n<p>(disponible al final de este apartado)[\/vc_column_text][vc_empty_space height=&#8221;20px&#8221;][vc_column_text]<span style=\"color: #000000;\"><strong>\u00bfQu\u00e9 es el Xpress Tennis Cup?<\/strong><\/span><\/p>\n<p>Xpress Tennis Cup es el torneo de tenis base que organiza la Fundaci\u00f3n Occident. Se trata de un formato innovador, compitiendo por equipos en partidos xpress de 20 minutos.<br \/>\nEl objetivo de este campeonato es reforzar los valores del deporte, el esfuerzo personal, el trabajo en equipo y la solidaridad entre los j\u00f3venes.[\/vc_column_text][vc_empty_space height=&#8221;20px&#8221;][vc_column_text]<span style=\"color: #000000;\"><strong>\u00bfHay que tener Licencia Federativa?<\/strong><\/span><\/p>\n<p>No es indispensable tener licencia federativa, por tanto, se pueden inscribir ni\u00f1@s sin licencia federativa.[\/vc_column_text][vc_empty_space height=&#8221;20px&#8221;][vc_column_text]<span style=\"color: #000000;\"><strong>\u00bfD\u00f3nde y cu\u00e1ndo se juega?<\/strong><\/span><\/p>\n<p>&#8211; Catalu\u00f1a:\u00a0<a href=\"\/tennis\/cataluna-girona\">Girona<\/a>\u00a0\u2013\u00a0<a href=\"\/tennis\/cataluna-lleida\">Lleida<\/a>\u00a0\u2013\u00a0<a href=\"\/tennis\/cataluna-tarragona\">Tarragona<\/a>\u00a0\u2013\u00a0<a href=\"\/tennis\/cataluna-barcelona\">Barcelona<\/a>\u00a0\u2013\u00a0<a href=\"\/tennis\/cataluna\">Gran Final Catalunya<\/a><br \/>\n&#8211; Comunidad de Madrid:\u00a0<a href=\"\/tennis\/madrid\">Madrid Fase Previa<\/a>\u00a0\u2013\u00a0<a href=\"\/tennis\/madrid\">Gran Final Comunidad de Madrid<\/a><br \/>\n&#8211;\u00a0Comunidad Valenciana:\u00a0<a href=\"\/tennis\/alicante\">Alicante<\/a>\u00a0\u2013\u00a0<a href=\"\/tennis\/castellon\">Castell\u00f3n<\/a>\u00a0\u2013\u00a0<a href=\"\/tennis\/valencia\">Valencia<\/a>\u00a0\u2013\u00a0<a href=\"\/tennis\/comunidad-valenciana\">Gran Final Comunidad Valenciana<br \/>\n<\/a>&#8211; Euskadi: Guip\u00fazcoa \u2013 <a href=\"https:\/\/www.fundacionoccident.org\/xpress-tennis-cup\/campeonato-de-tenis-infantil-alava-xpress-tennis-cup-fundacion-occident\">\u00c1lava<\/a> \u2013 <a href=\"https:\/\/edicion.fundacionoccident.org\/tennis\/campeonato-de-tenis-infantil-vizcaya-xpress-tennis-cup-fundacion-occident\">Vizcaya<\/a> <span style=\"font-weight: 400;\">\u2013 <a href=\"https:\/\/www.fundacionoccident.org\/xpress-tennis-cup\/vizcaya-gran-final\">Gran Final Euskadi<\/a><\/span>[\/vc_column_text][vc_empty_space height=&#8221;20px&#8221;][vc_column_text]<span style=\"color: #000000;\"><strong>\u00bfQui\u00e9n puede jugar?<\/strong><\/span><\/p>\n<p>Va dirigido a ni\u00f1os y ni\u00f1as de entre 5 y 12 a\u00f1os que competir\u00e1n por equipos representando a sus clubes deportivos.<br \/>\n&#8211; Categor\u00eda Minitenis (nacidos del 2018 en adelante)<br \/>\n&#8211; Categor\u00eda Sub-10 (nacidos del 2016 en adelante)<br \/>\n&#8211; Categor\u00eda Sub-12 (nacidos el 2014 en adelante)[\/vc_column_text][vc_empty_space height=&#8221;20px&#8221;][vc_column_text]<span style=\"color: #000000;\"><strong>La Gran Final<\/strong><\/span><\/p>\n<p>En cada fase provincial, los dos equipos finalistas de cada categor\u00eda tendr\u00e1n una plaza asegurada en la Gran Final de la comunidad aut\u00f3noma correspondiente.[\/vc_column_text][vc_empty_space][vc_column_text]<span style=\"color: #000000;\"><strong>Funcionamiento de los partidos<\/strong><\/span><\/p>\n<p>Cada partido tiene una duraci\u00f3n de 20 minutos (se disputaran tiebreaks). En cada ronda se disputar\u00e1 1 partido individual (20 minutos) y 1 partido de dobles (20 minutos) siguiendo el sistema de rotaci\u00f3n de jugadores: durante el partido, el jugador\/pareja que gana el punto, disputa el siguiente punto (m\u00e1ximo 2 puntos seguidos) y el jugador\/pareja que pierde el punto, se cambia por su compa\u00f1ero\/pareja de equipo.[\/vc_column_text][\/vc_column_inner][\/vc_row_inner][vc_row_inner row_type=&#8221;row&#8221; type=&#8221;full_width&#8221; text_align=&#8221;left&#8221; css_animation=&#8221;&#8221; css=&#8221;.vc_custom_1491484377035{padding-right: 20px !important;}&#8221;][vc_column_inner][vc_empty_space height=&#8221;20px&#8221;][vc_column_text]<span style=\"color: #000000;\"><strong>Composici\u00f3n equipos<\/strong><\/span><\/p>\n<p>Los equipos podr\u00e1n estar compuestos por un m\u00ednimo de 3 y un m\u00e1ximo de 8 integrantes (desde la organizaci\u00f3n, sugerimos que sea entre 5 \u00f3 6)[\/vc_column_text][vc_empty_space height=&#8221;20px&#8221;][vc_column_text]<span style=\"color: #000000;\"><strong>\u00bfQu\u00e9 debo hacer para inscribirme?<\/strong><\/span><\/p>\n<p>\u00a1Muy f\u00e1cil! Habla con tu club, forma un equipo de entre 3 y 8 integrantes e inscr\u00edbete en el apartado de <a href=\"\/tennis\/participa\" target=\"_blank\" rel=\"noopener noreferrer\">inscripciones<\/a> de la web.[\/vc_column_text][vc_empty_space height=&#8221;20px&#8221;][vc_column_text]<span style=\"color: #000000;\"><strong>\u00bfCu\u00e1nto cuesta la inscripci\u00f3n?<\/strong><\/span><\/p>\n<p>La inscripci\u00f3n es totalmente gratuita. \u00a1Ya no tienes excusa!\u00a0&#x1f609;[\/vc_column_text][vc_empty_space height=&#8221;20px&#8221;][vc_column_text]<strong><span style=\"color: #000000;\">\u00bfEs para todos los niveles?<\/span><\/strong><\/p>\n<p>El Xpress Tennis Cup est\u00e1 dirigida a ni\u00f1@s de un nivel iniciaci\u00f3n \/ perfeccionamiento, es decir, para el \u201ctenis base\u201d.<br \/>\nEn el caso de estar federado, la clasificaci\u00f3n m\u00e1xima del jugador\/a ser\u00e1 a partir de la posici\u00f3n 40 del ranking en categor\u00edas Sub 10 (benjam\u00edn) y Sub 12 (alev\u00edn) de su federaci\u00f3n territorial.[\/vc_column_text][vc_empty_space height=&#8221;20px&#8221;][vc_column_text]<span style=\"color: #000000;\"><strong>\u00bfC\u00f3mo se dispondr\u00e1n los equipos entre partidos?<\/strong><\/span><\/p>\n<p>Habr\u00e1 una zona de village donde los participantes y familiares podr\u00e1n disfrutar de distintas actividades vinculadas al tenis.[\/vc_column_text][vc_empty_space height=&#8221;20px&#8221;][vc_column_text]<span style=\"color: #000000;\"><strong>\u00bfPor qu\u00e9 tengo que inscribirme en el Xpress Tennis Cup?<\/strong><\/span><\/p>\n<p>Porque es un torneo especial, diferente. \u00a1Queremos hacerte part\u00edcipe de esta fiesta del tenis que hemos preparado para ti![\/vc_column_text][vc_empty_space height=&#8221;20px&#8221;][vc_column_text]<\/p>\n<h2><\/h2>\n<p>&nbsp;<\/p>\n<p>Consulta la\u00a0<a href=\"\/tennis\/normativa\"><span style=\"text-decoration: underline;\">Normativa general del Xpress Tennis Cup<\/span><\/a>[\/vc_column_text][\/vc_column_inner][\/vc_row_inner][vc_empty_space height=&#8221;60px&#8221;][\/vc_column][\/vc_row]<\/p>\n","protected":false},"excerpt":{"rendered":"<p>[vc_row css_animation=&#8221;&#8221; row_type=&#8221;row&#8221; use_row_as_full_screen_section=&#8221;no&#8221; type=&#8221;full_width&#8221; angled_section=&#8221;no&#8221; text_align=&#8221;left&#8221; background_image_as_pattern=&#8221;without_pattern&#8221;][vc_column][vc_single_image image=&#8221;322&#8243; img_size=&#8221;1600&#215;481&#8243; qode_css_animation=&#8221;&#8221;][\/vc_column][\/vc_row][vc_row css_animation=&#8221;&#8221; row_type=&#8221;row&#8221; use_row_as_full_screen_section=&#8221;no&#8221; type=&#8221;grid&#8221; anchor=&#8221;1600&#8243; angled_section=&#8221;no&#8221; text_align=&#8221;left&#8221; background_image_as_pattern=&#8221;without_pattern&#8221; background_color=&#8221;#ffffff&#8221; css=&#8221;.vc_custom_1491484404244{margin-right: 0px !important;margin-left: 0px !important;}&#8221;][vc_column css=&#8221;.vc_custom_1491484427527{padding-left: 35px !important;}&#8221;][vc_row_inner row_type=&#8221;row&#8221; type=&#8221;full_width&#8221; text_align=&#8221;left&#8221; css_animation=&#8221;&#8221;][vc_column_inner][vc_empty_space height=&#8221;20px&#8221;][vc_video link=&#8221; https:\/\/youtu.be\/Yd3OTvxYRzA&#8221; el_width=&#8221;50&#8243; align=&#8221;center&#8221;][\/vc_column_inner][\/vc_row_inner][\/vc_column][\/vc_row][vc_row css_animation=&#8221;&#8221; row_type=&#8221;row&#8221; use_row_as_full_screen_section=&#8221;no&#8221; type=&#8221;grid&#8221; anchor=&#8221;1600&#8243; angled_section=&#8221;no&#8221; text_align=&#8221;left&#8221; background_image_as_pattern=&#8221;without_pattern&#8221;&#8230;<\/p>\n","protected":false},"author":6,"featured_media":0,"parent":0,"menu_order":0,"comment_status":"closed","ping_status":"closed","template":"full_width.php","meta":{"footnotes":"","_links_to":"","_links_to_target":""},"class_list":["post-992","page","type-page","status-publish","hentry"],"yoast_head":"<!-- This site is optimized with the Yoast SEO plugin v26.3 - https:\/\/yoast.com\/wordpress\/plugins\/seo\/ -->\n<title>Preguntas Frecuentes (FAQs) - Xpress Tennis Cup | Fundaci\u00f3n Occident<\/title>\n<meta name=\"description\" content=\"Encuentra aqu\u00ed las respuestas a las dudas y preguntas m\u00e1s frecuentes relacionadas con el Xpress Tennis Cup de la Fundaci\u00f3n Occident.\" \/>\n<meta name=\"robots\" content=\"index, follow, max-snippet:-1, max-image-preview:large, max-video-preview:-1\" \/>\n<link rel=\"canonical\" href=\"https:\/\/edicion.fundacionoccident.org\/tennis\/wp-json\/wp\/v2\/pages\/992\" \/>\n<meta property=\"og:locale\" content=\"es_ES\" \/>\n<meta property=\"og:type\" content=\"article\" \/>\n<meta property=\"og:title\" content=\"Preguntas Frecuentes (FAQs) - Xpress Tennis Cup | Fundaci\u00f3n Occident\" \/>\n<meta property=\"og:description\" content=\"Encuentra aqu\u00ed las respuestas a las dudas y preguntas m\u00e1s frecuentes relacionadas con el Xpress Tennis Cup de la Fundaci\u00f3n Occident.\" \/>\n<meta property=\"og:url\" content=\"https:\/\/edicion.fundacionoccident.org\/tennis\/faq\" \/>\n<meta property=\"og:site_name\" content=\"Xpress Tennis Cup\" \/>\n<meta property=\"article:modified_time\" content=\"2025-11-25T11:55:15+00:00\" \/>\n<meta name=\"twitter:card\" content=\"summary_large_image\" \/>\n<meta name=\"twitter:label1\" content=\"Tiempo de lectura\" \/>\n\t<meta name=\"twitter:data1\" content=\"3 minutos\" \/>\n<script type=\"application\/ld+json\" class=\"yoast-schema-graph\">{\"@context\":\"https:\/\/schema.org\",\"@graph\":[{\"@type\":\"WebPage\",\"@id\":\"https:\/\/edicion.fundacionoccident.org\/tennis\/faq\",\"url\":\"https:\/\/edicion.fundacionoccident.org\/tennis\/faq\",\"name\":\"Preguntas Frecuentes (FAQs) - Xpress Tennis Cup | Fundaci\u00f3n Occident\",\"isPartOf\":{\"@id\":\"https:\/\/edicion.fundacionoccident.org\/tennis\/#website\"},\"datePublished\":\"2017-03-31T08:27:54+00:00\",\"dateModified\":\"2025-11-25T11:55:15+00:00\",\"description\":\"Encuentra aqu\u00ed las respuestas a las dudas y preguntas m\u00e1s frecuentes relacionadas con el Xpress Tennis Cup de la Fundaci\u00f3n Occident.\",\"breadcrumb\":{\"@id\":\"https:\/\/edicion.fundacionoccident.org\/tennis\/faq#breadcrumb\"},\"inLanguage\":\"es\",\"potentialAction\":[{\"@type\":\"ReadAction\",\"target\":[\"https:\/\/edicion.fundacionoccident.org\/tennis\/faq\"]}]},{\"@type\":\"BreadcrumbList\",\"@id\":\"https:\/\/edicion.fundacionoccident.org\/tennis\/faq#breadcrumb\",\"itemListElement\":[{\"@type\":\"ListItem\",\"position\":1,\"name\":\"Portada\",\"item\":\"https:\/\/edicion.fundacionoccident.org\/tennis\/\"},{\"@type\":\"ListItem\",\"position\":2,\"name\":\"Preguntas Frecuentes\"}]},{\"@type\":\"WebSite\",\"@id\":\"https:\/\/edicion.fundacionoccident.org\/tennis\/#website\",\"url\":\"https:\/\/edicion.fundacionoccident.org\/tennis\/\",\"name\":\"Xpress Tennis Cup\",\"description\":\"Fundaci\u00f3 Jes\u00fas Serra\",\"potentialAction\":[{\"@type\":\"SearchAction\",\"target\":{\"@type\":\"EntryPoint\",\"urlTemplate\":\"https:\/\/edicion.fundacionoccident.org\/tennis\/?s={search_term_string}\"},\"query-input\":{\"@type\":\"PropertyValueSpecification\",\"valueRequired\":true,\"valueName\":\"search_term_string\"}}],\"inLanguage\":\"es\"}]}<\/script>\n<!-- \/ Yoast SEO plugin. -->","yoast_head_json":{"title":"Preguntas Frecuentes (FAQs) - Xpress Tennis Cup | Fundaci\u00f3n Occident","description":"Encuentra aqu\u00ed las respuestas a las dudas y preguntas m\u00e1s frecuentes relacionadas con el Xpress Tennis Cup de la Fundaci\u00f3n Occident.","robots":{"index":"index","follow":"follow","max-snippet":"max-snippet:-1","max-image-preview":"max-image-preview:large","max-video-preview":"max-video-preview:-1"},"canonical":"https:\/\/edicion.fundacionoccident.org\/tennis\/wp-json\/wp\/v2\/pages\/992","og_locale":"es_ES","og_type":"article","og_title":"Preguntas Frecuentes (FAQs) - Xpress Tennis Cup | Fundaci\u00f3n Occident","og_description":"Encuentra aqu\u00ed las respuestas a las dudas y preguntas m\u00e1s frecuentes relacionadas con el Xpress Tennis Cup de la Fundaci\u00f3n Occident.","og_url":"https:\/\/edicion.fundacionoccident.org\/tennis\/faq","og_site_name":"Xpress Tennis Cup","article_modified_time":"2025-11-25T11:55:15+00:00","twitter_card":"summary_large_image","twitter_misc":{"Tiempo de lectura":"3 minutos"},"schema":{"@context":"https:\/\/schema.org","@graph":[{"@type":"WebPage","@id":"https:\/\/edicion.fundacionoccident.org\/tennis\/faq","url":"https:\/\/edicion.fundacionoccident.org\/tennis\/faq","name":"Preguntas Frecuentes (FAQs) - Xpress Tennis Cup | Fundaci\u00f3n Occident","isPartOf":{"@id":"https:\/\/edicion.fundacionoccident.org\/tennis\/#website"},"datePublished":"2017-03-31T08:27:54+00:00","dateModified":"2025-11-25T11:55:15+00:00","description":"Encuentra aqu\u00ed las respuestas a las dudas y preguntas m\u00e1s frecuentes relacionadas con el Xpress Tennis Cup de la Fundaci\u00f3n Occident.","breadcrumb":{"@id":"https:\/\/edicion.fundacionoccident.org\/tennis\/faq#breadcrumb"},"inLanguage":"es","potentialAction":[{"@type":"ReadAction","target":["https:\/\/edicion.fundacionoccident.org\/tennis\/faq"]}]},{"@type":"BreadcrumbList","@id":"https:\/\/edicion.fundacionoccident.org\/tennis\/faq#breadcrumb","itemListElement":[{"@type":"ListItem","position":1,"name":"Portada","item":"https:\/\/edicion.fundacionoccident.org\/tennis\/"},{"@type":"ListItem","position":2,"name":"Preguntas Frecuentes"}]},{"@type":"WebSite","@id":"https:\/\/edicion.fundacionoccident.org\/tennis\/#website","url":"https:\/\/edicion.fundacionoccident.org\/tennis\/","name":"Xpress Tennis Cup","description":"Fundaci\u00f3 Jes\u00fas Serra","potentialAction":[{"@type":"SearchAction","target":{"@type":"EntryPoint","urlTemplate":"https:\/\/edicion.fundacionoccident.org\/tennis\/?s={search_term_string}"},"query-input":{"@type":"PropertyValueSpecification","valueRequired":true,"valueName":"search_term_string"}}],"inLanguage":"es"}]}},"_links":{"self":[{"href":"https:\/\/edicion.fundacionoccident.org\/tennis\/wp-json\/wp\/v2\/pages\/992","targetHints":{"allow":["GET"]}}],"collection":[{"href":"https:\/\/edicion.fundacionoccident.org\/tennis\/wp-json\/wp\/v2\/pages"}],"about":[{"href":"https:\/\/edicion.fundacionoccident.org\/tennis\/wp-json\/wp\/v2\/types\/page"}],"author":[{"embeddable":true,"href":"https:\/\/edicion.fundacionoccident.org\/tennis\/wp-json\/wp\/v2\/users\/6"}],"replies":[{"embeddable":true,"href":"https:\/\/edicion.fundacionoccident.org\/tennis\/wp-json\/wp\/v2\/comments?post=992"}],"version-history":[{"count":53,"href":"https:\/\/edicion.fundacionoccident.org\/tennis\/wp-json\/wp\/v2\/pages\/992\/revisions"}],"predecessor-version":[{"id":9544,"href":"https:\/\/edicion.fundacionoccident.org\/tennis\/wp-json\/wp\/v2\/pages\/992\/revisions\/9544"}],"wp:attachment":[{"href":"https:\/\/edicion.fundacionoccident.org\/tennis\/wp-json\/wp\/v2\/media?parent=992"}],"curies":[{"name":"wp","href":"https:\/\/api.w.org\/{rel}","templated":true}]}}